{"id":990240,"date":"2023-04-05T12:58:53","date_gmt":"2023-04-05T12:58:53","guid":{"rendered":"https:\/\/euskalbabel.eus\/langue\/polonais-polski\/"},"modified":"2023-07-13T10:01:15","modified_gmt":"2023-07-13T10:01:15","slug":"polonais-polski","status":"publish","type":"product","link":"https:\/\/euskalbabel.eus\/eu\/langue\/polonais-polski\/","title":{"rendered":"Polonais \/ Polski"},"content":{"rendered":"\t\t<div data-elementor-type=\"product-post\" data-elementor-id=\"990240\" class=\"elementor elementor-990240 elementor-988052\">\n\t\t\t\t\t\t\t\t\t<section class=\"elementor-section elementor-top-section elementor-element elementor-element-c278191 elementor-section-boxed elementor-section-height-default elementor-section-height-default\" data-id=\"c278191\" data-element_type=\"section\">\n\t\t\t\t\t\t<div class=\"elementor-container elementor-column-gap-default\">\n\t\t\t\t\t<div class=\"elementor-column elementor-col-100 elementor-top-column elementor-element elementor-element-1b9144e\" data-id=\"1b9144e\" data-element_type=\"column\">\n\t\t\t<div class=\"elementor-widget-wrap elementor-element-populated\">\n\t\t\t\t\t\t\t\t<div class=\"elementor-element elementor-element-5eba19d1 elementor-invisible elementor-widget elementor-widget-text-editor\" data-id=\"5eba19d1\" data-element_type=\"widget\" data-settings=\"{&quot;_animation&quot;:&quot;fadeIn&quot;}\" data-widget_type=\"text-editor.default\">\n\t\t\t\t<div class=\"elementor-widget-container\">\n\t\t\t<style>\/*! elementor - v3.11.5 - 14-03-2023 *\/\n.elementor-widget-text-editor.elementor-drop-cap-view-stacked .elementor-drop-cap{background-color:#818a91;color:#fff}.elementor-widget-text-editor.elementor-drop-cap-view-framed .elementor-drop-cap{color:#818a91;border:3px solid;background-color:transparent}.elementor-widget-text-editor:not(.elementor-drop-cap-view-default) .elementor-drop-cap{margin-top:8px}.elementor-widget-text-editor:not(.elementor-drop-cap-view-default) .elementor-drop-cap-letter{width:1em;height:1em}.elementor-widget-text-editor .elementor-drop-cap{float:left;text-align:center;line-height:1;font-size:50px}.elementor-widget-text-editor .elementor-drop-cap-letter{display:inline-block}<\/style>\t\t\t\t\t\t\t\t\t\t<\/div>\n\t\t\t\t<\/div>\n\t\t\t\t<div class=\"elementor-element elementor-element-266ecbe4 elementor-invisible elementor-widget elementor-widget-text-editor\" data-id=\"266ecbe4\" data-element_type=\"widget\" data-settings=\"{&quot;_animation&quot;:&quot;fadeIn&quot;}\" data-widget_type=\"text-editor.default\">\n\t\t\t\t<div class=\"elementor-widget-container\">\n\t\t\t\t\t\t\t<h3><em>O\u00f9 apprendre le polonais<\/em><em><b> <\/b><\/em><em>?<\/em><\/h3>\n<h4><b><br \/>\nFormation pour adultes <\/b><b><\/b><\/h4>\n<p><a href=\"http:\/\/jakinola.org\" target=\"_blank\" rel=\"noopener\"><b>Jakinola<\/b><\/a><span style=\"font-weight: 400\"> est un centre de formation \u00e0 Bayonne, qui donne les moyens d&#8217;acqu\u00e9rir des comp\u00e9tences linguistiques afin de r\u00e9pondre aux besoins professionnels ou personnels de chacun via une p\u00e9dagogie immersive et digitale. C\u2019est aussi un lieu de vie de la diversit\u00e9 linguistique et culturelle par le biais d\u2019animations et d\u2019actions de sensibilisation.<br \/>\nA<\/span><span style=\"font-weight: 400\">dresse mail: contact@jakinola.eus<br \/>\n<\/span><span style=\"font-weight: 400\">T\u00e9l\u00e9phone: 09 51 90 84 77<\/span><\/p>\n\t\t\t\t\t\t<\/div>\n\t\t\t\t<\/div>\n\t\t\t\t<div class=\"elementor-element elementor-element-3666328 elementor-invisible elementor-widget elementor-widget-text-editor\" data-id=\"3666328\" data-element_type=\"widget\" data-settings=\"{&quot;_animation&quot;:&quot;fadeIn&quot;}\" data-widget_type=\"text-editor.default\">\n\t\t\t\t<div class=\"elementor-widget-container\">\n\t\t\t\t\t\t\t\t\t\t\t\t\t<\/div>\n\t\t\t\t<\/div>\n\t\t\t\t<div class=\"elementor-element elementor-element-31014340 elementor-invisible elementor-widget elementor-widget-text-editor\" data-id=\"31014340\" data-element_type=\"widget\" data-settings=\"{&quot;_animation&quot;:&quot;fadeIn&quot;}\" data-widget_type=\"text-editor.default\">\n\t\t\t\t<div class=\"elementor-widget-container\">\n\t\t\t\t\t\t\t\t\t\t\t\t\t<\/div>\n\t\t\t\t<\/div>\n\t\t\t\t<div class=\"elementor-element elementor-element-7c01d89c elementor-invisible elementor-widget elementor-widget-text-editor\" data-id=\"7c01d89c\" data-element_type=\"widget\" data-settings=\"{&quot;_animation&quot;:&quot;fadeIn&quot;}\" data-widget_type=\"text-editor.default\">\n\t\t\t\t<div class=\"elementor-widget-container\">\n\t\t\t\t\t\t\t\t\t\t\t\t\t<\/div>\n\t\t\t\t<\/div>\n\t\t\t\t<div class=\"elementor-element elementor-element-d9890a9 elementor-invisible elementor-widget elementor-widget-text-editor\" data-id=\"d9890a9\" data-element_type=\"widget\" data-settings=\"{&quot;_animation&quot;:&quot;fadeIn&quot;}\" data-widget_type=\"text-editor.default\">\n\t\t\t\t<div class=\"elementor-widget-container\">\n\t\t\t\t\t\t\t<h3><em>Trouver un interpr\u00e8te<\/em><\/h3>\n<p><span style=\"font-weight: 400\">B\u00e9n\u00e9vole :<br \/>\n<\/span><a href=\"\/passeurs-de-langues\/\"><span style=\"font-weight: 400\">Euskal Babel propose des Passeurs de langues<\/span><\/a><\/p>\n\t\t\t\t\t\t<\/div>\n\t\t\t\t<\/div>\n\t\t\t\t<div class=\"elementor-element elementor-element-5152c84b elementor-invisible elementor-widget elementor-widget-text-editor\" data-id=\"5152c84b\" data-element_type=\"widget\" data-settings=\"{&quot;_animation&quot;:&quot;fadeIn&quot;}\" data-widget_type=\"text-editor.default\">\n\t\t\t\t<div class=\"elementor-widget-container\">\n\t\t\t\t\t\t\t<h3>\n            <em>\u00c9couter &#8211; voir<\/em><br \/>\n          <\/h3>\n\t\t\t\t\t\t<\/div>\n\t\t\t\t<\/div>\n\t\t\t\t<div class=\"elementor-element elementor-element-3c2f5c4d elementor-invisible elementor-widget elementor-widget-text-editor\" data-id=\"3c2f5c4d\" data-element_type=\"widget\" data-settings=\"{&quot;_animation&quot;:&quot;fadeIn&quot;}\" data-widget_type=\"text-editor.default\">\n\t\t\t\t<div class=\"elementor-widget-container\">\n\t\t\t\t\t\t\t\t\t\t\t\t\t<\/div>\n\t\t\t\t<\/div>\n\t\t\t\t<div class=\"elementor-element elementor-element-cbc1e02 elementor-widget elementor-widget-text-editor\" data-id=\"cbc1e02\" data-element_type=\"widget\" data-widget_type=\"text-editor.default\">\n\t\t\t\t<div class=\"elementor-widget-container\">\n\t\t\t\t\t\t\t\t\t\t\t\t\t<\/div>\n\t\t\t\t<\/div>\n\t\t\t\t<div class=\"elementor-element elementor-element-45acbe5a elementor-invisible elementor-widget elementor-widget-text-editor\" data-id=\"45acbe5a\" data-element_type=\"widget\" data-settings=\"{&quot;_animation&quot;:&quot;fadeIn&quot;}\" data-widget_type=\"text-editor.default\">\n\t\t\t\t<div class=\"elementor-widget-container\">\n\t\t\t\t\t\t\t\t\t\t\t\t\t<\/div>\n\t\t\t\t<\/div>\n\t\t\t\t<div class=\"elementor-element elementor-element-70b5330a elementor-widget elementor-widget-text-editor\" data-id=\"70b5330a\" data-element_type=\"widget\" data-widget_type=\"text-editor.default\">\n\t\t\t\t<div class=\"elementor-widget-container\">\n\t\t\t\t\t\t\t\t\t\t\t\t\t<\/div>\n\t\t\t\t<\/div>\n\t\t\t\t<div class=\"elementor-element elementor-element-3ad6909a elementor-invisible elementor-widget elementor-widget-text-editor\" data-id=\"3ad6909a\" data-element_type=\"widget\" data-settings=\"{&quot;_animation&quot;:&quot;fadeIn&quot;}\" data-widget_type=\"text-editor.default\">\n\t\t\t\t<div class=\"elementor-widget-container\">\n\t\t\t\t\t\t\t\t\t\t\t\t\t<\/div>\n\t\t\t\t<\/div>\n\t\t\t\t\t<\/div>\n\t\t<\/div>\n\t\t\t\t\t\t\t<\/div>\n\t\t<\/section>\n\t\t\t\t\t\t\t<\/div>\n\t\t","protected":false},"excerpt":{"rendered":"","protected":false},"featured_media":989613,"template":"","meta":{"_seopress_robots_primary_cat":"none"},"product_cat":[126],"product_tag":[],"acf":[],"_links":{"self":[{"href":"https:\/\/euskalbabel.eus\/eu\/wp-json\/wp\/v2\/product\/990240"}],"collection":[{"href":"https:\/\/euskalbabel.eus\/eu\/wp-json\/wp\/v2\/product"}],"about":[{"href":"https:\/\/euskalbabel.eus\/eu\/wp-json\/wp\/v2\/types\/product"}],"version-history":[{"count":1,"href":"https:\/\/euskalbabel.eus\/eu\/wp-json\/wp\/v2\/product\/990240\/revisions"}],"predecessor-version":[{"id":990241,"href":"https:\/\/euskalbabel.eus\/eu\/wp-json\/wp\/v2\/product\/990240\/revisions\/990241"}],"wp:featuredmedia":[{"embeddable":true,"href":"https:\/\/euskalbabel.eus\/eu\/wp-json\/wp\/v2\/media\/989613"}],"wp:attachment":[{"href":"https:\/\/euskalbabel.eus\/eu\/wp-json\/wp\/v2\/media?parent=990240"}],"wp:term":[{"taxonomy":"product_cat","embeddable":true,"href":"https:\/\/euskalbabel.eus\/eu\/wp-json\/wp\/v2\/product_cat?post=990240"},{"taxonomy":"product_tag","embeddable":true,"href":"https:\/\/euskalbabel.eus\/eu\/wp-json\/wp\/v2\/product_tag?post=990240"}],"curies":[{"name":"wp","href":"https:\/\/api.w.org\/{rel}","templated":true}]}}