{"id":990250,"date":"2023-03-29T13:48:30","date_gmt":"2023-03-29T13:48:30","guid":{"rendered":"https:\/\/euskalbabel.eus\/langue\/italien-italiano\/"},"modified":"2023-07-13T10:02:49","modified_gmt":"2023-07-13T10:02:49","slug":"italien-italiano","status":"publish","type":"product","link":"https:\/\/euskalbabel.eus\/eu\/langue\/italien-italiano\/","title":{"rendered":"Italien \/ Italiano"},"content":{"rendered":"\t\t<div data-elementor-type=\"product-post\" data-elementor-id=\"990250\" class=\"elementor elementor-990250 elementor-988028\">\n\t\t\t\t\t\t\t\t\t<section class=\"elementor-section elementor-top-section elementor-element elementor-element-13bf36a8 elementor-section-boxed elementor-section-height-default elementor-section-height-default\" data-id=\"13bf36a8\" data-element_type=\"section\">\n\t\t\t\t\t\t<div class=\"elementor-container elementor-column-gap-default\">\n\t\t\t\t\t<div class=\"elementor-column elementor-col-100 elementor-top-column elementor-element elementor-element-2d85be63\" data-id=\"2d85be63\" data-element_type=\"column\">\n\t\t\t<div class=\"elementor-widget-wrap elementor-element-populated\">\n\t\t\t\t\t\t\t\t<div class=\"elementor-element elementor-element-f897258 elementor-invisible elementor-widget elementor-widget-text-editor\" data-id=\"f897258\" data-element_type=\"widget\" data-settings=\"{&quot;_animation&quot;:&quot;fadeIn&quot;}\" data-widget_type=\"text-editor.default\">\n\t\t\t\t<div class=\"elementor-widget-container\">\n\t\t\t<style>\/*! elementor - v3.11.5 - 14-03-2023 *\/\n.elementor-widget-text-editor.elementor-drop-cap-view-stacked .elementor-drop-cap{background-color:#818a91;color:#fff}.elementor-widget-text-editor.elementor-drop-cap-view-framed .elementor-drop-cap{color:#818a91;border:3px solid;background-color:transparent}.elementor-widget-text-editor:not(.elementor-drop-cap-view-default) .elementor-drop-cap{margin-top:8px}.elementor-widget-text-editor:not(.elementor-drop-cap-view-default) .elementor-drop-cap-letter{width:1em;height:1em}.elementor-widget-text-editor .elementor-drop-cap{float:left;text-align:center;line-height:1;font-size:50px}.elementor-widget-text-editor .elementor-drop-cap-letter{display:inline-block}<\/style>\t\t\t\t<h3><em>O\u00f9 vivre en italien ?<\/em><\/h3>\n<p><b>Asociaci\u00f3n Cultural ItaliaTxiki Kultur Elkartea<\/b><span style=\"font-weight: 400\">.<br \/>\n<\/span><a href=\"http:\/\/www.italiatxiki.org\/\" target=\"_blank\" rel=\"noopener\"><b>ItaliaTxiki<\/b><\/a><span style=\"font-weight: 400\"> est une association culturelle, sans but lucratif, n\u00e9e de l\u2019id\u00e9e d\u2019un groupe d\u2019italiens r\u00e9sidents depuis plusieurs ann\u00e9es en Guipuzcoa et en Iparralde, motiv\u00e9s pour conna\u00eetre d\u2019autres compatriotes expatri\u00e9s au Pays basque, afin d\u2019\u00e9tablir des relations sociales, culturelles et\u2026 gastronomiques, non seulement entre italiens, mais aussi avec toutes celles et tous ceux int\u00e9ress\u00e9s par la langue et la culture italiennes dans le contexte local. <\/span><\/p>\n<p><span style=\"font-weight: 400\">R\u00e9seaux sociaux:<br \/>\n<\/span><a href=\"https:\/\/www.instagram.com\/italiatxiki\/\"><span style=\"font-weight: 400\">https:\/\/www.instagram.com\/italiatxiki\/<\/span><\/a><br \/>\n<a href=\"https:\/\/www.facebook.com\/ItaliaTxiki\"><span style=\"font-weight: 400\">https:\/\/www.facebook.com\/ItaliaTxiki<\/span><\/a><br \/>\n<span style=\"font-weight: 400\">Adresse mail: info@italiatxiki.org<br \/>\n<\/span><span style=\"font-weight: 400\">T\u00e9l\u00e9phone: +34 695 72 76 93 &#8211; +33 (0)6 63 91 17 98<\/span><\/p>\n<p><img decoding=\"async\" loading=\"lazy\" class=\"alignnone wp-image-988032 size-medium\" src=\"https:\/\/euskalbabel.eus\/wp-content\/uploads\/2023\/03\/logo-asociacion-italiatxiki-elkartea-300x109.png\" alt=\"\" width=\"300\" height=\"109\" srcset=\"https:\/\/euskalbabel.eus\/wp-content\/uploads\/2023\/03\/logo-asociacion-italiatxiki-elkartea-300x109.png 300w, https:\/\/euskalbabel.eus\/wp-content\/uploads\/2023\/03\/logo-asociacion-italiatxiki-elkartea-570x208.png 570w, https:\/\/euskalbabel.eus\/wp-content\/uploads\/2023\/03\/logo-asociacion-italiatxiki-elkartea-1024x373.png 1024w, https:\/\/euskalbabel.eus\/wp-content\/uploads\/2023\/03\/logo-asociacion-italiatxiki-elkartea-768x280.png 768w, https:\/\/euskalbabel.eus\/wp-content\/uploads\/2023\/03\/logo-asociacion-italiatxiki-elkartea-1536x560.png 1536w, https:\/\/euskalbabel.eus\/wp-content\/uploads\/2023\/03\/logo-asociacion-italiatxiki-elkartea-1260x460.png 1260w, https:\/\/euskalbabel.eus\/wp-content\/uploads\/2023\/03\/logo-asociacion-italiatxiki-elkartea.png 1700w\" sizes=\"(max-width: 300px) 100vw, 300px\" \/><\/p>\n\t\t\t\t\t\t<\/div>\n\t\t\t\t<\/div>\n\t\t\t\t<div class=\"elementor-element elementor-element-7266f88 elementor-invisible elementor-widget elementor-widget-text-editor\" data-id=\"7266f88\" data-element_type=\"widget\" data-settings=\"{&quot;_animation&quot;:&quot;fadeIn&quot;}\" data-widget_type=\"text-editor.default\">\n\t\t\t\t<div class=\"elementor-widget-container\">\n\t\t\t\t\t\t\t<h3><em>O\u00f9 apprendre l&#8217;italien<\/em><em><b> <\/b><\/em><em>?<\/em><\/h3>\n<h5><b>\u00c9coles, lyc\u00e9es <\/b><\/h5>\n<p><span style=\"font-weight: 400\">\u2013 Coll\u00e8ge Lasalle Saint Bernard \u2013 Bayonne<br \/>\n<\/span><span style=\"font-weight: 400\">\u2013 Coll\u00e8ge et Lyc\u00e9e Largent\u00e9 \u2013 Bayonne<br \/>\n<\/span><span style=\"font-weight: 400\">\u2013 Coll\u00e8ge Marracq \u2013 Bayonne<br \/>\n<\/span><span style=\"font-weight: 400\">\u2013 Lyc\u00e9e priv\u00e9 Saint-Louis Villa Pia \u2013 Bayonne<br \/>\n<\/span><span style=\"font-weight: 400\">\u2013 Lyc\u00e9e Ren\u00e9 Cassin \u2013 Bayonne<br \/>\n<\/span><span style=\"font-weight: 400\">\u2013 Lyc\u00e9e Andr\u00e9 Malraux \u2013 Biarritz<br \/>\n<\/span><span style=\"font-weight: 400\">\u2013 Lyc\u00e9e Biarritz Atlantique \u2013 Biarritz<br \/>\n<\/span><span style=\"font-weight: 400\">\u2013 Coll\u00e8ge Irandatz \u2013 Hendaye<br \/>\n<\/span><span style=\"font-weight: 400\">\u2013 Coll\u00e8ge et Lyc\u00e9e Saint Thomas d\u2019Aquin \u2013 Saint Jean de Luz<br \/>\n<\/span><span style=\"font-weight: 400\">\u2013 Lyc\u00e9e Maurice Ravel \u2013 Saint Jean de Luz<\/span><\/p>\n<h5><b>Enseignement sup\u00e9rieur<\/b><\/h5>\n<p><span style=\"font-weight: 400\">\u2013 IUT de Bayonne Pays Basque \u2013 Bayonne<br \/>\n<\/span><span style=\"font-weight: 400\">\u2013 ESTIA (\u00c9cole sup\u00e9rieure des technologies industrielles avanc\u00e9es) \u2013 Bidart<\/span><\/p>\n<h5><b>Formation pour adultes<\/b><\/h5>\n<p><b>&#8211; <\/b><a href=\"http:\/\/jakinola.org\" target=\"_blank\" rel=\"noopener\"><b>Jakinola<\/b><\/a><span style=\"font-weight: 400\"> est un centre de formation \u00e0 Bayonne, qui donne les moyens d&#8217;acqu\u00e9rir des comp\u00e9tences linguistiques afin de r\u00e9pondre aux besoins professionnels ou personnels de chacun via une p\u00e9dagogie immersive et digitale. C\u2019est aussi un lieu de vie de la diversit\u00e9 linguistique et culturelle par le biais d\u2019animations et d\u2019actions de sensibilisation.<br \/>\nA<\/span><span style=\"font-weight: 400\">dresse mail: contact@jakinola.eus<br \/>\n<\/span><span style=\"font-weight: 400\">T\u00e9l\u00e9phone: 09 51 90 84 77<br \/>\n<\/span><span style=\"font-weight: 400\">&#8211; <\/span><a href=\"https:\/\/www.cciformations-bayonne.com\/thematique\/langues\/\" target=\"_blank\" rel=\"noopener\"><b>Centre d\u2019Etude de Langues de la CCI<\/b><\/a><span style=\"font-weight: 400\"> \u2013 Bayonne<\/span><\/p>\n\t\t\t\t\t\t<\/div>\n\t\t\t\t<\/div>\n\t\t\t\t<div class=\"elementor-element elementor-element-782ba7c elementor-invisible elementor-widget elementor-widget-text-editor\" data-id=\"782ba7c\" data-element_type=\"widget\" data-settings=\"{&quot;_animation&quot;:&quot;fadeIn&quot;}\" data-widget_type=\"text-editor.default\">\n\t\t\t\t<div class=\"elementor-widget-container\">\n\t\t\t\t\t\t\t\t\t\t\t\t\t<\/div>\n\t\t\t\t<\/div>\n\t\t\t\t<div class=\"elementor-element elementor-element-ca819fb elementor-invisible elementor-widget elementor-widget-text-editor\" data-id=\"ca819fb\" data-element_type=\"widget\" data-settings=\"{&quot;_animation&quot;:&quot;fadeIn&quot;}\" data-widget_type=\"text-editor.default\">\n\t\t\t\t<div class=\"elementor-widget-container\">\n\t\t\t\t\t\t\t\t\t\t\t\t\t<\/div>\n\t\t\t\t<\/div>\n\t\t\t\t<div class=\"elementor-element elementor-element-7bc959c elementor-invisible elementor-widget elementor-widget-text-editor\" data-id=\"7bc959c\" data-element_type=\"widget\" data-settings=\"{&quot;_animation&quot;:&quot;fadeIn&quot;}\" data-widget_type=\"text-editor.default\">\n\t\t\t\t<div class=\"elementor-widget-container\">\n\t\t\t\t\t\t\t<h3><em>Autres lieux sympas<\/em><\/h3>\n<p><b>Restaurants \u2013 glaces \u2013 food truck<\/b><b><i><br \/>\n<\/i><\/b><a href=\"https:\/\/www.ilgiardino-biarritz.com\/\" target=\"_blank\" rel=\"noopener\"><span style=\"font-weight: 400\">Il giardino<\/span><\/a><span style=\"font-weight: 400\">\u2013 Biarritz<br \/>\n<\/span><a href=\"https:\/\/cibo-biarritz.fr\/\" target=\"_blank\" rel=\"noopener\"><span style=\"font-weight: 400\">CIBO<\/span><\/a><span style=\"font-weight: 400\">\u2013 Biarritz<br \/>\n<\/span><a style=\"letter-spacing: var(--vamtam-primary-font-letter-spacing-desktop,normal);text-transform: var(--vamtam-primary-font-transform,none)\" href=\"https:\/\/www.facebook.com\/lamiatoscana64\/\" target=\"_blank\" rel=\"noopener\">La mia Toscana<\/a><span style=\"font-weight: 400\">\u2013 St Jean de Luz<br \/>\n<\/span><a href=\"https:\/\/www.facebook.com\/restaurantfratelli\" target=\"_blank\" rel=\"noopener\"><span style=\"font-weight: 400\">Fratelli<\/span><\/a><span style=\"font-weight: 400\">\u2013 Tarnos<br \/>\n<\/span><a href=\"https:\/\/www.suabonta.fr\/\" target=\"_blank\" rel=\"noopener\"><span style=\"font-weight: 400\">Gelateria Sua Bont\u00e0<\/span><\/a><span style=\"font-weight: 400\">\u2013 Bayonne<br \/>\n<\/span><a href=\"https:\/\/www.facebook.com\/gofreestreetfood\/\" target=\"_blank\" rel=\"noopener\"><span style=\"font-weight: 400\">Gofree Street Food<\/span><\/a><br \/>\n<a href=\"https:\/\/www.facebook.com\/labttegadellamamma\" target=\"_blank\" rel=\"noopener\"><span style=\"font-weight: 400\">La Bottega della Mamma<\/span><\/a><span style=\"font-weight: 400\"> &#8211; Anglet<\/span><\/p>\n\t\t\t\t\t\t<\/div>\n\t\t\t\t<\/div>\n\t\t\t\t<div class=\"elementor-element elementor-element-1d66ffd elementor-invisible elementor-widget elementor-widget-text-editor\" data-id=\"1d66ffd\" data-element_type=\"widget\" data-settings=\"{&quot;_animation&quot;:&quot;fadeIn&quot;}\" data-widget_type=\"text-editor.default\">\n\t\t\t\t<div class=\"elementor-widget-container\">\n\t\t\t\t\t\t\t<h3><em>Trouver un interpr\u00e8te<\/em><\/h3>\n<p><span style=\"font-weight: 400\">B\u00e9n\u00e9vole :<br \/>\n<\/span><a href=\"\/passeurs-de-langues\/\"><span style=\"font-weight: 400\">Euskal Babel propose des Passeurs de langues <\/span><\/a><span style=\"font-weight: 400\">= Passatore di lingue<\/span><\/p>\n\t\t\t\t\t\t<\/div>\n\t\t\t\t<\/div>\n\t\t\t\t<div class=\"elementor-element elementor-element-9d971c7 elementor-invisible elementor-widget elementor-widget-text-editor\" data-id=\"9d971c7\" data-element_type=\"widget\" data-settings=\"{&quot;_animation&quot;:&quot;fadeIn&quot;}\" data-widget_type=\"text-editor.default\">\n\t\t\t\t<div class=\"elementor-widget-container\">\n\t\t\t\t\t\t\t<h3>\n            <em>\u00c9couter &#8211; voir<\/em><br \/>\n          <\/h3>\n<p>          <img decoding=\"async\" loading=\"lazy\" class=\"alignnone wp-image-988031 size-medium\" src=\"https:\/\/euskalbabel.eus\/wp-content\/uploads\/2023\/03\/Filadelfio-Ricca-Orage-2023-300x210.jpg\" alt=\"\" width=\"300\" height=\"210\" srcset=\"https:\/\/euskalbabel.eus\/wp-content\/uploads\/2023\/03\/Filadelfio-Ricca-Orage-2023-300x210.jpg 300w, https:\/\/euskalbabel.eus\/wp-content\/uploads\/2023\/03\/Filadelfio-Ricca-Orage-2023-570x398.jpg 570w, https:\/\/euskalbabel.eus\/wp-content\/uploads\/2023\/03\/Filadelfio-Ricca-Orage-2023.jpg 720w\" sizes=\"(max-width: 300px) 100vw, 300px\" \/><\/p>\n\t\t\t\t\t\t<\/div>\n\t\t\t\t<\/div>\n\t\t\t\t<div class=\"elementor-element elementor-element-c964735 elementor-invisible elementor-widget elementor-widget-text-editor\" data-id=\"c964735\" data-element_type=\"widget\" data-settings=\"{&quot;_animation&quot;:&quot;fadeIn&quot;}\" data-widget_type=\"text-editor.default\">\n\t\t\t\t<div class=\"elementor-widget-container\">\n\t\t\t\t\t\t\t\t\t\t\t\t\t<\/div>\n\t\t\t\t<\/div>\n\t\t\t\t<div class=\"elementor-element elementor-element-0dfd2f1 elementor-widget elementor-widget-text-editor\" data-id=\"0dfd2f1\" data-element_type=\"widget\" data-widget_type=\"text-editor.default\">\n\t\t\t\t<div class=\"elementor-widget-container\">\n\t\t\t\t\t\t\t<p style=\"text-align: center\">\n            <span style=\"color: #000000\">\u201c Quante lingue parli, tante volte sei uomo\u201d<\/span>\n          <\/p>\n\t\t\t\t\t\t<\/div>\n\t\t\t\t<\/div>\n\t\t\t\t<div class=\"elementor-element elementor-element-6efc001 elementor-invisible elementor-widget elementor-widget-text-editor\" data-id=\"6efc001\" data-element_type=\"widget\" data-settings=\"{&quot;_animation&quot;:&quot;fadeIn&quot;}\" data-widget_type=\"text-editor.default\">\n\t\t\t\t<div class=\"elementor-widget-container\">\n\t\t\t\t\t\t\t\t\t\t\t\t\t<\/div>\n\t\t\t\t<\/div>\n\t\t\t\t<div class=\"elementor-element elementor-element-49eebf8 elementor-widget elementor-widget-text-editor\" data-id=\"49eebf8\" data-element_type=\"widget\" data-widget_type=\"text-editor.default\">\n\t\t\t\t<div class=\"elementor-widget-container\">\n\t\t\t\t\t\t\t\t\t\t\t\t\t<\/div>\n\t\t\t\t<\/div>\n\t\t\t\t<div class=\"elementor-element elementor-element-47e0c31 elementor-invisible elementor-widget elementor-widget-text-editor\" data-id=\"47e0c31\" data-element_type=\"widget\" data-settings=\"{&quot;_animation&quot;:&quot;fadeIn&quot;}\" data-widget_type=\"text-editor.default\">\n\t\t\t\t<div class=\"elementor-widget-container\">\n\t\t\t\t\t\t\t\t\t\t\t\t\t<\/div>\n\t\t\t\t<\/div>\n\t\t\t\t\t<\/div>\n\t\t<\/div>\n\t\t\t\t\t\t\t<\/div>\n\t\t<\/section>\n\t\t\t\t\t\t\t<\/div>\n\t\t","protected":false},"excerpt":{"rendered":"","protected":false},"featured_media":989607,"template":"","meta":{"_seopress_robots_primary_cat":"none"},"product_cat":[126],"product_tag":[],"acf":[],"_links":{"self":[{"href":"https:\/\/euskalbabel.eus\/eu\/wp-json\/wp\/v2\/product\/990250"}],"collection":[{"href":"https:\/\/euskalbabel.eus\/eu\/wp-json\/wp\/v2\/product"}],"about":[{"href":"https:\/\/euskalbabel.eus\/eu\/wp-json\/wp\/v2\/types\/product"}],"version-history":[{"count":1,"href":"https:\/\/euskalbabel.eus\/eu\/wp-json\/wp\/v2\/product\/990250\/revisions"}],"predecessor-version":[{"id":990251,"href":"https:\/\/euskalbabel.eus\/eu\/wp-json\/wp\/v2\/product\/990250\/revisions\/990251"}],"wp:featuredmedia":[{"embeddable":true,"href":"https:\/\/euskalbabel.eus\/eu\/wp-json\/wp\/v2\/media\/989607"}],"wp:attachment":[{"href":"https:\/\/euskalbabel.eus\/eu\/wp-json\/wp\/v2\/media?parent=990250"}],"wp:term":[{"taxonomy":"product_cat","embeddable":true,"href":"https:\/\/euskalbabel.eus\/eu\/wp-json\/wp\/v2\/product_cat?post=990250"},{"taxonomy":"product_tag","embeddable":true,"href":"https:\/\/euskalbabel.eus\/eu\/wp-json\/wp\/v2\/product_tag?post=990250"}],"curies":[{"name":"wp","href":"https:\/\/api.w.org\/{rel}","templated":true}]}}