{"id":990256,"date":"2023-03-29T13:15:15","date_gmt":"2023-03-29T13:15:15","guid":{"rendered":"https:\/\/euskalbabel.eus\/langue\/occitan-gascon-lenga-nosta\/"},"modified":"2023-11-16T08:48:46","modified_gmt":"2023-11-16T08:48:46","slug":"occitan-gascon-lenga-nosta","status":"publish","type":"product","link":"https:\/\/euskalbabel.eus\/eu\/langue\/occitan-gascon-lenga-nosta\/","title":{"rendered":"Occitan gascon \/ Lenga Nosta"},"content":{"rendered":"\t\t<div data-elementor-type=\"product-post\" data-elementor-id=\"990256\" class=\"elementor elementor-990256 elementor-988015\">\n\t\t\t\t\t\t\t\t\t<section class=\"elementor-section elementor-top-section elementor-element elementor-element-6b468ded elementor-section-boxed elementor-section-height-default elementor-section-height-default\" data-id=\"6b468ded\" data-element_type=\"section\">\n\t\t\t\t\t\t<div class=\"elementor-container elementor-column-gap-default\">\n\t\t\t\t\t<div class=\"elementor-column elementor-col-100 elementor-top-column elementor-element elementor-element-52edb8d0\" data-id=\"52edb8d0\" data-element_type=\"column\">\n\t\t\t<div class=\"elementor-widget-wrap elementor-element-populated\">\n\t\t\t\t\t\t\t\t<div class=\"elementor-element elementor-element-3b3415cb elementor-invisible elementor-widget elementor-widget-text-editor\" data-id=\"3b3415cb\" data-element_type=\"widget\" data-settings=\"{&quot;_animation&quot;:&quot;fadeIn&quot;}\" data-widget_type=\"text-editor.default\">\n\t\t\t\t<div class=\"elementor-widget-container\">\n\t\t\t<style>\/*! elementor - v3.11.5 - 14-03-2023 *\/\n.elementor-widget-text-editor.elementor-drop-cap-view-stacked .elementor-drop-cap{background-color:#818a91;color:#fff}.elementor-widget-text-editor.elementor-drop-cap-view-framed .elementor-drop-cap{color:#818a91;border:3px solid;background-color:transparent}.elementor-widget-text-editor:not(.elementor-drop-cap-view-default) .elementor-drop-cap{margin-top:8px}.elementor-widget-text-editor:not(.elementor-drop-cap-view-default) .elementor-drop-cap-letter{width:1em;height:1em}.elementor-widget-text-editor .elementor-drop-cap{float:left;text-align:center;line-height:1;font-size:50px}.elementor-widget-text-editor .elementor-drop-cap-letter{display:inline-block}<\/style>\t\t\t\t<h3>\n            <em>O\u00f9 vivre en gascon ?<\/em><br \/>\n          <\/h3>\n<p>          <a href=\"http:\/\/www.acigasconha.asso.fr\/\" target=\"_blank\" rel=\"noopener\"><br \/>\n            <span style=\"font-weight: 400\">Aci gasconha Anglet<\/span><br \/>\n          <\/a><\/p>\n\t\t\t\t\t\t<\/div>\n\t\t\t\t<\/div>\n\t\t\t\t<div class=\"elementor-element elementor-element-b01c855 elementor-invisible elementor-widget elementor-widget-text-editor\" data-id=\"b01c855\" data-element_type=\"widget\" data-settings=\"{&quot;_animation&quot;:&quot;fadeIn&quot;}\" data-widget_type=\"text-editor.default\">\n\t\t\t\t<div class=\"elementor-widget-container\">\n\t\t\t\t\t\t\t<h3><em>O\u00f9 apprendre l&#8217;occitan-gascon<\/em><em><b> <\/b><\/em><em>?<\/em><\/h3>\n<h4>Ecoles, lyc\u00e9es<\/h4>\n<p><span style=\"font-weight: 400\">BIDACHE, Coll\u00e8ge du Pays de Bidache<\/span><\/p>\n<h4><b><br \/>\nFormation pour adultes <\/b><\/h4>\n<p><span style=\"font-weight: 400\"><a href=\"http:\/\/jakinola.org\" target=\"_blank\" rel=\"noopener\"><b>Jakinola<\/b><\/a> est un centre de formation \u00e0 Bayonne, qui donne les moyens d&#8217;acqu\u00e9rir des comp\u00e9tences linguistiques afin de r\u00e9pondre aux besoins professionnels ou personnels de chacun via une p\u00e9dagogie immersive et digitale. C\u2019est aussi un lieu de vie de la diversit\u00e9 linguistique et culturelle par le biais d\u2019animations et d\u2019actions de sensibilisation.<\/span><span style=\"font-weight: 400\">Adresse mail: contact@jakinola.eus<br \/>\n<\/span><span style=\"font-weight: 400\">T\u00e9l\u00e9phone: 09 51 90 84 77<\/span><\/p>\n\t\t\t\t\t\t<\/div>\n\t\t\t\t<\/div>\n\t\t\t\t<div class=\"elementor-element elementor-element-2a8a175a elementor-invisible elementor-widget elementor-widget-text-editor\" data-id=\"2a8a175a\" data-element_type=\"widget\" data-settings=\"{&quot;_animation&quot;:&quot;fadeIn&quot;}\" data-widget_type=\"text-editor.default\">\n\t\t\t\t<div class=\"elementor-widget-container\">\n\t\t\t\t\t\t\t\t\t\t\t\t\t<\/div>\n\t\t\t\t<\/div>\n\t\t\t\t<div class=\"elementor-element elementor-element-7f99ee42 elementor-invisible elementor-widget elementor-widget-text-editor\" data-id=\"7f99ee42\" data-element_type=\"widget\" data-settings=\"{&quot;_animation&quot;:&quot;fadeIn&quot;}\" data-widget_type=\"text-editor.default\">\n\t\t\t\t<div class=\"elementor-widget-container\">\n\t\t\t\t\t\t\t<h3><em>Que se passe-t-il en gascon?<\/em><\/h3>\n<p><a href=\"https:\/\/lapassem.com\/\" target=\"_blank\" rel=\"noopener\"><span style=\"font-weight: 400\">La Passem<\/span><\/a><span style=\"font-weight: 400\"> est une course organis\u00e9e tous les deux ans par l\u2019association Ligams, en faveur de la Lenga Nosta <\/span> <\/p>\n\t\t\t\t\t\t<\/div>\n\t\t\t\t<\/div>\n\t\t\t\t<div class=\"elementor-element elementor-element-72b431be elementor-invisible elementor-widget elementor-widget-text-editor\" data-id=\"72b431be\" data-element_type=\"widget\" data-settings=\"{&quot;_animation&quot;:&quot;fadeIn&quot;}\" data-widget_type=\"text-editor.default\">\n\t\t\t\t<div class=\"elementor-widget-container\">\n\t\t\t\t\t\t\t\t\t\t\t\t\t<\/div>\n\t\t\t\t<\/div>\n\t\t\t\t<div class=\"elementor-element elementor-element-87d7206 elementor-invisible elementor-widget elementor-widget-text-editor\" data-id=\"87d7206\" data-element_type=\"widget\" data-settings=\"{&quot;_animation&quot;:&quot;fadeIn&quot;}\" data-widget_type=\"text-editor.default\">\n\t\t\t\t<div class=\"elementor-widget-container\">\n\t\t\t\t\t\t\t\t\t\t\t\t\t<\/div>\n\t\t\t\t<\/div>\n\t\t\t\t<div class=\"elementor-element elementor-element-36f32096 elementor-invisible elementor-widget elementor-widget-text-editor\" data-id=\"36f32096\" data-element_type=\"widget\" data-settings=\"{&quot;_animation&quot;:&quot;fadeIn&quot;}\" data-widget_type=\"text-editor.default\">\n\t\t\t\t<div class=\"elementor-widget-container\">\n\t\t\t\t\t\t\t<h3>\n            <em>\u00c9couter \u2013 voir<\/em><br \/>\n          <\/h3>\n\t\t\t\t\t\t<\/div>\n\t\t\t\t<\/div>\n\t\t\t\t<div class=\"elementor-element elementor-element-24208950 elementor-invisible elementor-widget elementor-widget-text-editor\" data-id=\"24208950\" data-element_type=\"widget\" data-settings=\"{&quot;_animation&quot;:&quot;fadeIn&quot;}\" data-widget_type=\"text-editor.default\">\n\t\t\t\t<div class=\"elementor-widget-container\">\n\t\t\t\t\t\t\t\t\t\t\t\t\t<\/div>\n\t\t\t\t<\/div>\n\t\t\t\t<div class=\"elementor-element elementor-element-50add4d elementor-widget elementor-widget-text-editor\" data-id=\"50add4d\" data-element_type=\"widget\" data-widget_type=\"text-editor.default\">\n\t\t\t\t<div class=\"elementor-widget-container\">\n\t\t\t\t\t\t\t<p><img decoding=\"async\" loading=\"lazy\" class=\"alignnone size-medium wp-image-990445\" src=\"https:\/\/euskalbabel.eus\/wp-content\/uploads\/2023\/03\/JC-Couderc-240x300.jpg\" alt=\"\" width=\"240\" height=\"300\" srcset=\"https:\/\/euskalbabel.eus\/wp-content\/uploads\/2023\/03\/JC-Couderc-240x300.jpg 240w, https:\/\/euskalbabel.eus\/wp-content\/uploads\/2023\/03\/JC-Couderc-819x1024.jpg 819w, https:\/\/euskalbabel.eus\/wp-content\/uploads\/2023\/03\/JC-Couderc-768x960.jpg 768w, https:\/\/euskalbabel.eus\/wp-content\/uploads\/2023\/03\/JC-Couderc-1229x1536.jpg 1229w, https:\/\/euskalbabel.eus\/wp-content\/uploads\/2023\/03\/JC-Couderc-1140x1425.jpg 1140w, https:\/\/euskalbabel.eus\/wp-content\/uploads\/2023\/03\/JC-Couderc-570x713.jpg 570w, https:\/\/euskalbabel.eus\/wp-content\/uploads\/2023\/03\/JC-Couderc.jpg 1440w\" sizes=\"(max-width: 240px) 100vw, 240px\" \/><\/p>\n<p>Un artiste local : Joan Carles Cod\u00e8rc<\/p>\n\t\t\t\t\t\t<\/div>\n\t\t\t\t<\/div>\n\t\t\t\t<div class=\"elementor-element elementor-element-32d9d3f7 elementor-invisible elementor-widget elementor-widget-text-editor\" data-id=\"32d9d3f7\" data-element_type=\"widget\" data-settings=\"{&quot;_animation&quot;:&quot;fadeIn&quot;}\" data-widget_type=\"text-editor.default\">\n\t\t\t\t<div class=\"elementor-widget-container\">\n\t\t\t\t\t\t\t\t\t\t\t\t\t<\/div>\n\t\t\t\t<\/div>\n\t\t\t\t<div class=\"elementor-element elementor-element-d42bcf5 elementor-widget elementor-widget-text-editor\" data-id=\"d42bcf5\" data-element_type=\"widget\" data-widget_type=\"text-editor.default\">\n\t\t\t\t<div class=\"elementor-widget-container\">\n\t\t\t\t\t\t\t\t\t\t\t\t\t<\/div>\n\t\t\t\t<\/div>\n\t\t\t\t<div class=\"elementor-element elementor-element-3843b4b6 elementor-invisible elementor-widget elementor-widget-text-editor\" data-id=\"3843b4b6\" data-element_type=\"widget\" data-settings=\"{&quot;_animation&quot;:&quot;fadeIn&quot;}\" data-widget_type=\"text-editor.default\">\n\t\t\t\t<div class=\"elementor-widget-container\">\n\t\t\t\t\t\t\t<h3><em>Quelques infos sur l&#8217;occitan-gascon<\/em><\/h3>\n<p><span style=\"font-weight: 400\">La Lenga Nosta, appel\u00e9e selon les personnes et les lieux Gascon, Occitan, B\u00e9arnais, Bigourdan, est parl\u00e9e sur la plus grande partie du sud de la France.<br \/>\n<\/span><span style=\"font-weight: 400\">L\u2019enqu\u00eate sociolinguistique de 2008, faisait \u00e9tat dans les Pyr\u00e9n\u00e9es-Atlantiques, de pr\u00e8s de 12% de locuteurs actifs en B\u00e9arn et Bas-Adour.<\/span><\/p>\n\t\t\t\t\t\t<\/div>\n\t\t\t\t<\/div>\n\t\t\t\t\t<\/div>\n\t\t<\/div>\n\t\t\t\t\t\t\t<\/div>\n\t\t<\/section>\n\t\t\t\t\t\t\t<\/div>\n\t\t","protected":false},"excerpt":{"rendered":"","protected":false},"featured_media":990446,"template":"","meta":{"_seopress_robots_primary_cat":"none"},"product_cat":[126],"product_tag":[],"acf":[],"_links":{"self":[{"href":"https:\/\/euskalbabel.eus\/eu\/wp-json\/wp\/v2\/product\/990256"}],"collection":[{"href":"https:\/\/euskalbabel.eus\/eu\/wp-json\/wp\/v2\/product"}],"about":[{"href":"https:\/\/euskalbabel.eus\/eu\/wp-json\/wp\/v2\/types\/product"}],"version-history":[{"count":1,"href":"https:\/\/euskalbabel.eus\/eu\/wp-json\/wp\/v2\/product\/990256\/revisions"}],"predecessor-version":[{"id":990257,"href":"https:\/\/euskalbabel.eus\/eu\/wp-json\/wp\/v2\/product\/990256\/revisions\/990257"}],"wp:featuredmedia":[{"embeddable":true,"href":"https:\/\/euskalbabel.eus\/eu\/wp-json\/wp\/v2\/media\/990446"}],"wp:attachment":[{"href":"https:\/\/euskalbabel.eus\/eu\/wp-json\/wp\/v2\/media?parent=990256"}],"wp:term":[{"taxonomy":"product_cat","embeddable":true,"href":"https:\/\/euskalbabel.eus\/eu\/wp-json\/wp\/v2\/product_cat?post=990256"},{"taxonomy":"product_tag","embeddable":true,"href":"https:\/\/euskalbabel.eus\/eu\/wp-json\/wp\/v2\/product_tag?post=990256"}],"curies":[{"name":"wp","href":"https:\/\/api.w.org\/{rel}","templated":true}]}}