{"id":990258,"date":"2023-03-29T13:06:37","date_gmt":"2023-03-29T13:06:37","guid":{"rendered":"https:\/\/euskalbabel.eus\/langue\/francais-francais\/"},"modified":"2023-07-13T10:03:21","modified_gmt":"2023-07-13T10:03:21","slug":"francais-francais","status":"publish","type":"product","link":"https:\/\/euskalbabel.eus\/eu\/langue\/francais-francais\/","title":{"rendered":"Fran\u00e7ais \/ Fran\u00e7ais"},"content":{"rendered":"\t\t<div data-elementor-type=\"product-post\" data-elementor-id=\"990258\" class=\"elementor elementor-990258 elementor-988010\">\n\t\t\t\t\t\t\t\t\t<section class=\"elementor-section elementor-top-section elementor-element elementor-element-10d7416 elementor-section-boxed elementor-section-height-default elementor-section-height-default\" data-id=\"10d7416\" data-element_type=\"section\">\n\t\t\t\t\t\t<div class=\"elementor-container elementor-column-gap-default\">\n\t\t\t\t\t<div class=\"elementor-column elementor-col-100 elementor-top-column elementor-element elementor-element-12e940e9\" data-id=\"12e940e9\" data-element_type=\"column\">\n\t\t\t<div class=\"elementor-widget-wrap elementor-element-populated\">\n\t\t\t\t\t\t\t\t<div class=\"elementor-element elementor-element-2aac2cf9 elementor-invisible elementor-widget elementor-widget-text-editor\" data-id=\"2aac2cf9\" data-element_type=\"widget\" data-settings=\"{&quot;_animation&quot;:&quot;fadeIn&quot;}\" data-widget_type=\"text-editor.default\">\n\t\t\t\t<div class=\"elementor-widget-container\">\n\t\t\t<style>\/*! elementor - v3.11.5 - 14-03-2023 *\/\n.elementor-widget-text-editor.elementor-drop-cap-view-stacked .elementor-drop-cap{background-color:#818a91;color:#fff}.elementor-widget-text-editor.elementor-drop-cap-view-framed .elementor-drop-cap{color:#818a91;border:3px solid;background-color:transparent}.elementor-widget-text-editor:not(.elementor-drop-cap-view-default) .elementor-drop-cap{margin-top:8px}.elementor-widget-text-editor:not(.elementor-drop-cap-view-default) .elementor-drop-cap-letter{width:1em;height:1em}.elementor-widget-text-editor .elementor-drop-cap{float:left;text-align:center;line-height:1;font-size:50px}.elementor-widget-text-editor .elementor-drop-cap-letter{display:inline-block}<\/style>\t\t\t\t\t\t\t\t\t\t<\/div>\n\t\t\t\t<\/div>\n\t\t\t\t<div class=\"elementor-element elementor-element-18e8532a elementor-invisible elementor-widget elementor-widget-text-editor\" data-id=\"18e8532a\" data-element_type=\"widget\" data-settings=\"{&quot;_animation&quot;:&quot;fadeIn&quot;}\" data-widget_type=\"text-editor.default\">\n\t\t\t\t<div class=\"elementor-widget-container\">\n\t\t\t\t\t\t\t<h3><em>O\u00f9 apprendre le <\/em><em><b>fran\u00e7ais <\/b><\/em><em>?<\/em><\/h3>\n<p><b>Dispositifs d\u2019accueil d\u2019\u00e9l\u00e8ves allophones en coll\u00e8ges et lyc\u00e9es:<br \/>\n<\/b><span style=\"font-weight: 400\">UPE2A coll\u00e8ge Irandatz Hendaye<br \/>\n<\/span><span style=\"font-weight: 400\">UPE2A coll\u00e8ge St Vincent Hendaye<br \/>\n<\/span><span style=\"font-weight: 400\">UPE2A coll\u00e8ge Albert Camus Bayonne<br \/>\n<\/span><span style=\"font-weight: 400\">UPE2A Lyc\u00e9e LPO Cantau Anglet<br \/>\n<\/span><span style=\"font-weight: 400\">Dispositif NSA lyc\u00e9e LP Louis de Foix Bayonne<\/span><\/p>\n<p><a href=\"\/wp-content\/uploads\/2023\/03\/Liste-FLE-Bayonne-2022.pdf\" target=\"_blank\" rel=\"noopener\"><b>Cours de Fran\u00e7ais Langue Etrang\u00e8re \u00e0 Bayonne<\/b><\/a><\/p>\n\t\t\t\t\t\t<\/div>\n\t\t\t\t<\/div>\n\t\t\t\t<div class=\"elementor-element elementor-element-2d0e46f8 elementor-invisible elementor-widget elementor-widget-text-editor\" data-id=\"2d0e46f8\" data-element_type=\"widget\" data-settings=\"{&quot;_animation&quot;:&quot;fadeIn&quot;}\" data-widget_type=\"text-editor.default\">\n\t\t\t\t<div class=\"elementor-widget-container\">\n\t\t\t\t\t\t\t<h3><em>O\u00f9 pratiquer le fran\u00e7ais ?<\/em><\/h3>\n<p><a href=\"https:\/\/mediatheque.bayonne.fr\" target=\"_blank\" rel=\"noopener\"><b>M\u00e9diath\u00e8que de Bayonne<\/b><\/a> <b>Ateliers Blabla<br \/>\n<\/b>Deux fois par mois, des ateliers de conversation en fran\u00e7ais se d\u00e9roulent \u00e0 la m\u00e9diath\u00e8que centre-ville, destin\u00e9s aux personnes \u00e9trang\u00e8res souhaitant pratiquer la langue fran\u00e7aise dans un groupe par le biais de conversations. Ces ateliers ne sont pas des cours de langue mais un moment convivial et spontan\u00e9 d\u2019\u00e9changes autour de jeux ou de sujets propos\u00e9s par le biblioth\u00e9caire animateur.<\/p>\n\t\t\t\t\t\t<\/div>\n\t\t\t\t<\/div>\n\t\t\t\t<div class=\"elementor-element elementor-element-335d8659 elementor-invisible elementor-widget elementor-widget-text-editor\" data-id=\"335d8659\" data-element_type=\"widget\" data-settings=\"{&quot;_animation&quot;:&quot;fadeIn&quot;}\" data-widget_type=\"text-editor.default\">\n\t\t\t\t<div class=\"elementor-widget-container\">\n\t\t\t\t\t\t\t\t\t\t\t\t\t<\/div>\n\t\t\t\t<\/div>\n\t\t\t\t<div class=\"elementor-element elementor-element-7d2a05ea elementor-invisible elementor-widget elementor-widget-text-editor\" data-id=\"7d2a05ea\" data-element_type=\"widget\" data-settings=\"{&quot;_animation&quot;:&quot;fadeIn&quot;}\" data-widget_type=\"text-editor.default\">\n\t\t\t\t<div class=\"elementor-widget-container\">\n\t\t\t\t\t\t\t\t\t\t\t\t\t<\/div>\n\t\t\t\t<\/div>\n\t\t\t\t<div class=\"elementor-element elementor-element-2ea82ae5 elementor-invisible elementor-widget elementor-widget-text-editor\" data-id=\"2ea82ae5\" data-element_type=\"widget\" data-settings=\"{&quot;_animation&quot;:&quot;fadeIn&quot;}\" data-widget_type=\"text-editor.default\">\n\t\t\t\t<div class=\"elementor-widget-container\">\n\t\t\t\t\t\t\t\t\t\t\t\t\t<\/div>\n\t\t\t\t<\/div>\n\t\t\t\t<div class=\"elementor-element elementor-element-11fe3a49 elementor-invisible elementor-widget elementor-widget-text-editor\" data-id=\"11fe3a49\" data-element_type=\"widget\" data-settings=\"{&quot;_animation&quot;:&quot;fadeIn&quot;}\" data-widget_type=\"text-editor.default\">\n\t\t\t\t<div class=\"elementor-widget-container\">\n\t\t\t\t\t\t\t\t\t\t\t\t\t<\/div>\n\t\t\t\t<\/div>\n\t\t\t\t<div class=\"elementor-element elementor-element-576e2e4e elementor-invisible elementor-widget elementor-widget-text-editor\" data-id=\"576e2e4e\" data-element_type=\"widget\" data-settings=\"{&quot;_animation&quot;:&quot;fadeIn&quot;}\" data-widget_type=\"text-editor.default\">\n\t\t\t\t<div class=\"elementor-widget-container\">\n\t\t\t\t\t\t\t\t\t\t\t\t\t<\/div>\n\t\t\t\t<\/div>\n\t\t\t\t<div class=\"elementor-element elementor-element-36bc1d4c elementor-widget elementor-widget-text-editor\" data-id=\"36bc1d4c\" data-element_type=\"widget\" data-widget_type=\"text-editor.default\">\n\t\t\t\t<div class=\"elementor-widget-container\">\n\t\t\t\t\t\t\t\t\t\t\t\t\t<\/div>\n\t\t\t\t<\/div>\n\t\t\t\t<div class=\"elementor-element elementor-element-56adbf7b elementor-invisible elementor-widget elementor-widget-text-editor\" data-id=\"56adbf7b\" data-element_type=\"widget\" data-settings=\"{&quot;_animation&quot;:&quot;fadeIn&quot;}\" data-widget_type=\"text-editor.default\">\n\t\t\t\t<div class=\"elementor-widget-container\">\n\t\t\t\t\t\t\t\t\t\t\t\t\t<\/div>\n\t\t\t\t<\/div>\n\t\t\t\t<div class=\"elementor-element elementor-element-2ee86ea4 elementor-widget elementor-widget-text-editor\" data-id=\"2ee86ea4\" data-element_type=\"widget\" data-widget_type=\"text-editor.default\">\n\t\t\t\t<div class=\"elementor-widget-container\">\n\t\t\t\t\t\t\t\t\t\t\t\t\t<\/div>\n\t\t\t\t<\/div>\n\t\t\t\t<div class=\"elementor-element elementor-element-7bcc061b elementor-invisible elementor-widget elementor-widget-text-editor\" data-id=\"7bcc061b\" data-element_type=\"widget\" data-settings=\"{&quot;_animation&quot;:&quot;fadeIn&quot;}\" data-widget_type=\"text-editor.default\">\n\t\t\t\t<div class=\"elementor-widget-container\">\n\t\t\t\t\t\t\t\t\t\t\t\t\t<\/div>\n\t\t\t\t<\/div>\n\t\t\t\t\t<\/div>\n\t\t<\/div>\n\t\t\t\t\t\t\t<\/div>\n\t\t<\/section>\n\t\t\t\t\t\t\t<\/div>\n\t\t","protected":false},"excerpt":{"rendered":"","protected":false},"featured_media":989682,"template":"","meta":{"_seopress_robots_primary_cat":""},"product_cat":[126],"product_tag":[],"acf":[],"_links":{"self":[{"href":"https:\/\/euskalbabel.eus\/eu\/wp-json\/wp\/v2\/product\/990258"}],"collection":[{"href":"https:\/\/euskalbabel.eus\/eu\/wp-json\/wp\/v2\/product"}],"about":[{"href":"https:\/\/euskalbabel.eus\/eu\/wp-json\/wp\/v2\/types\/product"}],"version-history":[{"count":1,"href":"https:\/\/euskalbabel.eus\/eu\/wp-json\/wp\/v2\/product\/990258\/revisions"}],"predecessor-version":[{"id":990259,"href":"https:\/\/euskalbabel.eus\/eu\/wp-json\/wp\/v2\/product\/990258\/revisions\/990259"}],"wp:featuredmedia":[{"embeddable":true,"href":"https:\/\/euskalbabel.eus\/eu\/wp-json\/wp\/v2\/media\/989682"}],"wp:attachment":[{"href":"https:\/\/euskalbabel.eus\/eu\/wp-json\/wp\/v2\/media?parent=990258"}],"wp:term":[{"taxonomy":"product_cat","embeddable":true,"href":"https:\/\/euskalbabel.eus\/eu\/wp-json\/wp\/v2\/product_cat?post=990258"},{"taxonomy":"product_tag","embeddable":true,"href":"https:\/\/euskalbabel.eus\/eu\/wp-json\/wp\/v2\/product_tag?post=990258"}],"curies":[{"name":"wp","href":"https:\/\/api.w.org\/{rel}","templated":true}]}}