{"id":990260,"date":"2023-03-28T14:51:26","date_gmt":"2023-03-28T14:51:26","guid":{"rendered":"https:\/\/euskalbabel.eus\/langue\/dioula-julakan\/"},"modified":"2023-07-13T10:03:47","modified_gmt":"2023-07-13T10:03:47","slug":"dioula-julakan","status":"publish","type":"product","link":"https:\/\/euskalbabel.eus\/eu\/langue\/dioula-julakan\/","title":{"rendered":"Dioula \/ Julakan"},"content":{"rendered":"\t\t<div data-elementor-type=\"product-post\" data-elementor-id=\"990260\" class=\"elementor elementor-990260 elementor-988002\">\n\t\t\t\t\t\t\t\t\t<section class=\"elementor-section elementor-top-section elementor-element elementor-element-3a740d5a elementor-section-boxed elementor-section-height-default elementor-section-height-default\" data-id=\"3a740d5a\" data-element_type=\"section\">\n\t\t\t\t\t\t<div class=\"elementor-container elementor-column-gap-default\">\n\t\t\t\t\t<div class=\"elementor-column elementor-col-100 elementor-top-column elementor-element elementor-element-62805fba\" data-id=\"62805fba\" data-element_type=\"column\">\n\t\t\t<div class=\"elementor-widget-wrap elementor-element-populated\">\n\t\t\t\t\t\t\t\t<div class=\"elementor-element elementor-element-3232ae28 elementor-invisible elementor-widget elementor-widget-text-editor\" data-id=\"3232ae28\" data-element_type=\"widget\" data-settings=\"{&quot;_animation&quot;:&quot;fadeIn&quot;}\" data-widget_type=\"text-editor.default\">\n\t\t\t\t<div class=\"elementor-widget-container\">\n\t\t\t<style>\/*! elementor - v3.11.5 - 14-03-2023 *\/\n.elementor-widget-text-editor.elementor-drop-cap-view-stacked .elementor-drop-cap{background-color:#818a91;color:#fff}.elementor-widget-text-editor.elementor-drop-cap-view-framed .elementor-drop-cap{color:#818a91;border:3px solid;background-color:transparent}.elementor-widget-text-editor:not(.elementor-drop-cap-view-default) .elementor-drop-cap{margin-top:8px}.elementor-widget-text-editor:not(.elementor-drop-cap-view-default) .elementor-drop-cap-letter{width:1em;height:1em}.elementor-widget-text-editor .elementor-drop-cap{float:left;text-align:center;line-height:1;font-size:50px}.elementor-widget-text-editor .elementor-drop-cap-letter{display:inline-block}<\/style>\t\t\t\t\t\t\t\t\t\t<\/div>\n\t\t\t\t<\/div>\n\t\t\t\t<div class=\"elementor-element elementor-element-19e1e3e6 elementor-invisible elementor-widget elementor-widget-text-editor\" data-id=\"19e1e3e6\" data-element_type=\"widget\" data-settings=\"{&quot;_animation&quot;:&quot;fadeIn&quot;}\" data-widget_type=\"text-editor.default\">\n\t\t\t\t<div class=\"elementor-widget-container\">\n\t\t\t\t\t\t\t<h3><em>O\u00f9 apprendre le dioula<\/em><em><b> <\/b><\/em><em>?<\/em><\/h3>\n<p>          <a href=\"https:\/\/www.bpi.fr\/\" target=\"_blank\" rel=\"noopener\"><br \/>\n            <span style=\"font-weight: 400\">BPI Paris<\/span><br \/>\n          <\/a><\/p>\n\t\t\t\t\t\t<\/div>\n\t\t\t\t<\/div>\n\t\t\t\t<div class=\"elementor-element elementor-element-3f27e30f elementor-invisible elementor-widget elementor-widget-text-editor\" data-id=\"3f27e30f\" data-element_type=\"widget\" data-settings=\"{&quot;_animation&quot;:&quot;fadeIn&quot;}\" data-widget_type=\"text-editor.default\">\n\t\t\t\t<div class=\"elementor-widget-container\">\n\t\t\t\t\t\t\t<h3><em>O\u00f9 pratiquer <\/em><em>le dioula <\/em><em>?<\/em><\/h3>\n<p>          <span style=\"font-weight: 400\">Quelques livres et films \u00e0 trouver dans les m\u00e9diath\u00e8ques ou sur Internet, mais surtout de la musique (Salif Keita, Fatoumata Diawara, Alpha Blondy, Oumou Sangare, Rokia Traore, Tiken Jah Fakoly, et bien d\u2019autres)<\/span><\/p>\n\t\t\t\t\t\t<\/div>\n\t\t\t\t<\/div>\n\t\t\t\t<div class=\"elementor-element elementor-element-f8de2ba elementor-invisible elementor-widget elementor-widget-text-editor\" data-id=\"f8de2ba\" data-element_type=\"widget\" data-settings=\"{&quot;_animation&quot;:&quot;fadeIn&quot;}\" data-widget_type=\"text-editor.default\">\n\t\t\t\t<div class=\"elementor-widget-container\">\n\t\t\t\t\t\t\t\t\t\t\t\t\t<\/div>\n\t\t\t\t<\/div>\n\t\t\t\t<div class=\"elementor-element elementor-element-3f6e79be elementor-invisible elementor-widget elementor-widget-text-editor\" data-id=\"3f6e79be\" data-element_type=\"widget\" data-settings=\"{&quot;_animation&quot;:&quot;fadeIn&quot;}\" data-widget_type=\"text-editor.default\">\n\t\t\t\t<div class=\"elementor-widget-container\">\n\t\t\t\t\t\t\t<h3><em>Autres lieux sympas<\/em><\/h3>\n<p><span style=\"font-weight: 400\">A Bayonne :<br \/>\n<\/span><a href=\"https:\/\/restaurantkitoko.business.site\/\" target=\"_blank\" rel=\"noopener\"><span style=\"font-weight: 400\">restaurant Kitoko<\/span><\/a><br \/>\n<a href=\"https:\/\/www.bayonneshopping.com\/magasin\/bay-africa\/\" target=\"_blank\" rel=\"noopener\"><span style=\"font-weight: 400\">boutique Bay-Africa<\/span><\/a><br \/>\n<a href=\"http:\/\/afro.shop.free.fr\/\" target=\"_blank\" rel=\"noopener\"><span style=\"font-weight: 400\">Afro-shop chez Dao<\/span><\/a><span style=\"font-weight: 400\"> <\/span><\/p>\n\t\t\t\t\t\t<\/div>\n\t\t\t\t<\/div>\n\t\t\t\t<div class=\"elementor-element elementor-element-5a72fd51 elementor-invisible elementor-widget elementor-widget-text-editor\" data-id=\"5a72fd51\" data-element_type=\"widget\" data-settings=\"{&quot;_animation&quot;:&quot;fadeIn&quot;}\" data-widget_type=\"text-editor.default\">\n\t\t\t\t<div class=\"elementor-widget-container\">\n\t\t\t\t\t\t\t<h3><em>Trouver un interpr\u00e8te<\/em><\/h3>\n<p><span style=\"font-weight: 400\">B\u00e9n\u00e9vole :<br \/>\n<\/span><a href=\"\/passeurs-de-langues\/\"><span style=\"font-weight: 400\">Euskal Babel propose des Passeurs de langues <\/span><\/a><span style=\"font-weight: 400\">= bay\u025bl\u025bmabaga<\/span><\/p>\n\t\t\t\t\t\t<\/div>\n\t\t\t\t<\/div>\n\t\t\t\t<div class=\"elementor-element elementor-element-1cd76dc9 elementor-invisible elementor-widget elementor-widget-text-editor\" data-id=\"1cd76dc9\" data-element_type=\"widget\" data-settings=\"{&quot;_animation&quot;:&quot;fadeIn&quot;}\" data-widget_type=\"text-editor.default\">\n\t\t\t\t<div class=\"elementor-widget-container\">\n\t\t\t\t\t\t\t<h3>\n            <em>\u00c9couter &#8211; voir<\/em><br \/>\n          <\/h3>\n\t\t\t\t\t\t<\/div>\n\t\t\t\t<\/div>\n\t\t\t\t<div class=\"elementor-element elementor-element-18814d4 elementor-invisible elementor-widget elementor-widget-text-editor\" data-id=\"18814d4\" data-element_type=\"widget\" data-settings=\"{&quot;_animation&quot;:&quot;fadeIn&quot;}\" data-widget_type=\"text-editor.default\">\n\t\t\t\t<div class=\"elementor-widget-container\">\n\t\t\t\t\t\t\t\t\t\t\t\t\t<\/div>\n\t\t\t\t<\/div>\n\t\t\t\t<div class=\"elementor-element elementor-element-73ea0028 elementor-widget elementor-widget-text-editor\" data-id=\"73ea0028\" data-element_type=\"widget\" data-widget_type=\"text-editor.default\">\n\t\t\t\t<div class=\"elementor-widget-container\">\n\t\t\t\t\t\t\t\t\t\t\t\t\t<\/div>\n\t\t\t\t<\/div>\n\t\t\t\t<div class=\"elementor-element elementor-element-77da2139 elementor-invisible elementor-widget elementor-widget-text-editor\" data-id=\"77da2139\" data-element_type=\"widget\" data-settings=\"{&quot;_animation&quot;:&quot;fadeIn&quot;}\" data-widget_type=\"text-editor.default\">\n\t\t\t\t<div class=\"elementor-widget-container\">\n\t\t\t\t\t\t\t\t\t\t\t\t\t<\/div>\n\t\t\t\t<\/div>\n\t\t\t\t<div class=\"elementor-element elementor-element-3d41e897 elementor-widget elementor-widget-text-editor\" data-id=\"3d41e897\" data-element_type=\"widget\" data-widget_type=\"text-editor.default\">\n\t\t\t\t<div class=\"elementor-widget-container\">\n\t\t\t\t\t\t\t\t\t\t\t\t\t<\/div>\n\t\t\t\t<\/div>\n\t\t\t\t<div class=\"elementor-element elementor-element-78cf21ed elementor-invisible elementor-widget elementor-widget-text-editor\" data-id=\"78cf21ed\" data-element_type=\"widget\" data-settings=\"{&quot;_animation&quot;:&quot;fadeIn&quot;}\" data-widget_type=\"text-editor.default\">\n\t\t\t\t<div class=\"elementor-widget-container\">\n\t\t\t\t\t\t\t<h3>\n            <em>Quelques infos sur le dioula<\/em><br \/>\n          <\/h3>\n<p>          <span style=\"font-weight: 400\">Depuis 2018, le nombre de locuteurs est pass\u00e9 de quelques uns \u00e0 plusieurs dizaines. La plupart sont des jeunes ayant travers\u00e9 la M\u00e9diterran\u00e9e r\u00e9cemment (<\/span><br \/>\n          <span style=\"font-weight: 400\">divers migrants originaires de Guin\u00e9e, Mali, C\u00f4te d\u2019Ivoire et Burkina Faso).<\/span><\/p>\n<p>          <span style=\"font-weight: 400\">A k\u025bra san duru, m\u0254g\u0254 min be julakan m\u025b o caman nana. Kanbele d\u0254 b\u0254ara C\u00f4te d\u2019Ivoire, La Guin\u00e9e, Mali ani Burkina ka c\u025bnc\u025bnkungo ani k\u0254g\u0254ji tig\u025b ka na sigi Bayonne-na.<\/span><\/p>\n\t\t\t\t\t\t<\/div>\n\t\t\t\t<\/div>\n\t\t\t\t\t<\/div>\n\t\t<\/div>\n\t\t\t\t\t\t\t<\/div>\n\t\t<\/section>\n\t\t\t\t\t\t\t<\/div>\n\t\t","protected":false},"excerpt":{"rendered":"","protected":false},"featured_media":989685,"template":"","meta":{"_seopress_robots_primary_cat":"none"},"product_cat":[126],"product_tag":[],"acf":[],"_links":{"self":[{"href":"https:\/\/euskalbabel.eus\/eu\/wp-json\/wp\/v2\/product\/990260"}],"collection":[{"href":"https:\/\/euskalbabel.eus\/eu\/wp-json\/wp\/v2\/product"}],"about":[{"href":"https:\/\/euskalbabel.eus\/eu\/wp-json\/wp\/v2\/types\/product"}],"version-history":[{"count":1,"href":"https:\/\/euskalbabel.eus\/eu\/wp-json\/wp\/v2\/product\/990260\/revisions"}],"predecessor-version":[{"id":990261,"href":"https:\/\/euskalbabel.eus\/eu\/wp-json\/wp\/v2\/product\/990260\/revisions\/990261"}],"wp:featuredmedia":[{"embeddable":true,"href":"https:\/\/euskalbabel.eus\/eu\/wp-json\/wp\/v2\/media\/989685"}],"wp:attachment":[{"href":"https:\/\/euskalbabel.eus\/eu\/wp-json\/wp\/v2\/media?parent=990260"}],"wp:term":[{"taxonomy":"product_cat","embeddable":true,"href":"https:\/\/euskalbabel.eus\/eu\/wp-json\/wp\/v2\/product_cat?post=990260"},{"taxonomy":"product_tag","embeddable":true,"href":"https:\/\/euskalbabel.eus\/eu\/wp-json\/wp\/v2\/product_tag?post=990260"}],"curies":[{"name":"wp","href":"https:\/\/api.w.org\/{rel}","templated":true}]}}