{"id":990266,"date":"2023-03-29T12:27:40","date_gmt":"2023-03-29T12:27:40","guid":{"rendered":"https:\/\/euskalbabel.eus\/langue\/espagnol-castellano\/"},"modified":"2023-07-13T10:03:37","modified_gmt":"2023-07-13T10:03:37","slug":"espagnol-castellano","status":"publish","type":"product","link":"https:\/\/euskalbabel.eus\/eu\/langue\/espagnol-castellano\/","title":{"rendered":"Espagnol \/ Castellano"},"content":{"rendered":"\t\t<div data-elementor-type=\"product-post\" data-elementor-id=\"990266\" class=\"elementor elementor-990266 elementor-988005\">\n\t\t\t\t\t\t\t\t\t<section class=\"elementor-section elementor-top-section elementor-element elementor-element-556a38bb elementor-section-boxed elementor-section-height-default elementor-section-height-default\" data-id=\"556a38bb\" data-element_type=\"section\">\n\t\t\t\t\t\t<div class=\"elementor-container elementor-column-gap-default\">\n\t\t\t\t\t<div class=\"elementor-column elementor-col-100 elementor-top-column elementor-element elementor-element-16c48543\" data-id=\"16c48543\" data-element_type=\"column\">\n\t\t\t<div class=\"elementor-widget-wrap elementor-element-populated\">\n\t\t\t\t\t\t\t\t<div class=\"elementor-element elementor-element-39834ee9 elementor-invisible elementor-widget elementor-widget-text-editor\" data-id=\"39834ee9\" data-element_type=\"widget\" data-settings=\"{&quot;_animation&quot;:&quot;fadeIn&quot;}\" data-widget_type=\"text-editor.default\">\n\t\t\t\t<div class=\"elementor-widget-container\">\n\t\t\t<style>\/*! elementor - v3.11.5 - 14-03-2023 *\/\n.elementor-widget-text-editor.elementor-drop-cap-view-stacked .elementor-drop-cap{background-color:#818a91;color:#fff}.elementor-widget-text-editor.elementor-drop-cap-view-framed .elementor-drop-cap{color:#818a91;border:3px solid;background-color:transparent}.elementor-widget-text-editor:not(.elementor-drop-cap-view-default) .elementor-drop-cap{margin-top:8px}.elementor-widget-text-editor:not(.elementor-drop-cap-view-default) .elementor-drop-cap-letter{width:1em;height:1em}.elementor-widget-text-editor .elementor-drop-cap{float:left;text-align:center;line-height:1;font-size:50px}.elementor-widget-text-editor .elementor-drop-cap-letter{display:inline-block}<\/style>\t\t\t\t<h3><em>O\u00f9 vivre en espagnol ?<\/em><\/h3>\n<p><a href=\"https:\/\/www.facebook.com\/centreculturelespagnol.bayonne\/\" target=\"_blank\" rel=\"noopener\"><span style=\"font-weight: 400\">Centre culturel espagnol de Bayonne<\/span><\/a><br \/>\n<a href=\"https:\/\/www.facebook.com\/aflacoba\/?locale=fr_FR\" target=\"_blank\" rel=\"noopener\"><span style=\"font-weight: 400\">AFLACOBA<\/span><\/a><span style=\"font-weight: 400\"> = <\/span><span style=\"font-weight: 400\">Association Franco Latino-Americaine de la C\u00f4te Basque<\/span><\/p>\n\t\t\t\t\t\t<\/div>\n\t\t\t\t<\/div>\n\t\t\t\t<div class=\"elementor-element elementor-element-6e1319b2 elementor-invisible elementor-widget elementor-widget-text-editor\" data-id=\"6e1319b2\" data-element_type=\"widget\" data-settings=\"{&quot;_animation&quot;:&quot;fadeIn&quot;}\" data-widget_type=\"text-editor.default\">\n\t\t\t\t<div class=\"elementor-widget-container\">\n\t\t\t\t\t\t\t<h3><em>O\u00f9 apprendre la langue <\/em><em><b>espagnole <\/b><\/em><em>?<\/em><\/h3>\n<h4>Ecoles, lyc\u00e9es<\/h4>\n<p>Tous les \u00e9tablissements du territoire<\/p>\n<h4><b><br \/>\nFormation pour adultes<br \/>\n<\/b><\/h4>\n<p><a href=\"http:\/\/jakinola.org\" target=\"_blank\" rel=\"noopener\"><b>Jakinola<\/b><\/a><span style=\"font-weight: 400\"> est un centre de formation \u00e0 Bayonne, qui donne les moyens d&#8217;acqu\u00e9rir des comp\u00e9tences linguistiques afin de r\u00e9pondre aux besoins professionnels ou personnels de chacun via une p\u00e9dagogie immersive et digitale. C\u2019est aussi un lieu de vie de la diversit\u00e9 linguistique et culturelle par le biais d\u2019animations et d\u2019actions de sensibilisation.<br \/>\nA<\/span><span style=\"font-weight: 400\">dresse mail: contact@jakinola.eus<br \/>\n<\/span><span style=\"font-weight: 400\">T\u00e9l\u00e9phone: 09 51 90 84 77<\/span><\/p>\n<p><a href=\"https:\/\/www.cciformations-bayonne.com\/thematique\/langues\/\" target=\"_blank\" rel=\"noopener\"><b>Centre d\u2019Etude de Langues de la CCI<\/b><\/a><span style=\"font-weight: 400\"> \u2013 Bayonne<\/span><\/p>\n\t\t\t\t\t\t<\/div>\n\t\t\t\t<\/div>\n\t\t\t\t<div class=\"elementor-element elementor-element-6fac5580 elementor-invisible elementor-widget elementor-widget-text-editor\" data-id=\"6fac5580\" data-element_type=\"widget\" data-settings=\"{&quot;_animation&quot;:&quot;fadeIn&quot;}\" data-widget_type=\"text-editor.default\">\n\t\t\t\t<div class=\"elementor-widget-container\">\n\t\t\t\t\t\t\t<h3><em>O\u00f9 pratiquer la langue espagnole?<\/em><\/h3>\n<p><a href=\"https:\/\/www.mediatheque-biarritz.fr\/default\/espace-america.aspx?_lg=fr-FR\" target=\"_blank\" rel=\"noopener\"><b>M\u00e9diath\u00e8que de Biarritz &#8211; Espace America<\/b><\/a><b> :<\/b><span style=\"font-weight: 400\">fonds documentaire multim\u00e9dia hispano-am\u00e9ricain<br \/>\n<\/span><b>S\u00e9ances de conversation en espagnol \u00e0 <\/b><a href=\"http:\/\/jakinola.org\/\" target=\"_blank\" rel=\"noopener\"><b>Jakinola<\/b><\/a><span style=\"font-weight: 400\"> (Bayonne) tous les <\/span><span style=\"font-weight: 400\">3\u00e8mes mercredis du mois 18:30-20:00<\/span><\/p>\n\t\t\t\t\t\t<\/div>\n\t\t\t\t<\/div>\n\t\t\t\t<div class=\"elementor-element elementor-element-ecc1493 elementor-invisible elementor-widget elementor-widget-text-editor\" data-id=\"ecc1493\" data-element_type=\"widget\" data-settings=\"{&quot;_animation&quot;:&quot;fadeIn&quot;}\" data-widget_type=\"text-editor.default\">\n\t\t\t\t<div class=\"elementor-widget-container\">\n\t\t\t\t\t\t\t\t\t\t\t\t\t<\/div>\n\t\t\t\t<\/div>\n\t\t\t\t<div class=\"elementor-element elementor-element-4383ff6e elementor-invisible elementor-widget elementor-widget-text-editor\" data-id=\"4383ff6e\" data-element_type=\"widget\" data-settings=\"{&quot;_animation&quot;:&quot;fadeIn&quot;}\" data-widget_type=\"text-editor.default\">\n\t\t\t\t<div class=\"elementor-widget-container\">\n\t\t\t\t\t\t\t<h3><em>Autres lieux sympas<\/em><b><\/b><\/h3>\n<p><a href=\"https:\/\/donhernan.fr\/\" target=\"_blank\" rel=\"noopener\"><span style=\"font-weight: 400\">Don Hernan<\/span><\/a><span style=\"font-weight: 400\">10, rue Ste Catherine 64100 Bayonne (cuisinier et responsable du restaurant uruguayen)<br \/>\n<\/span><b><\/b><b><a href=\"http:\/\/hornito.fr\/\" target=\"_blank\" rel=\"noopener\"><span style=\"font-weight: 400\">Hornito<\/span><\/a><span style=\"font-weight: 400\"> (la casa de las empanadas) 46, rue des basques 64100 Bayonne (restaurant argentin) <\/span> <\/b><\/p>\n\t\t\t\t\t\t<\/div>\n\t\t\t\t<\/div>\n\t\t\t\t<div class=\"elementor-element elementor-element-7ddcd108 elementor-invisible elementor-widget elementor-widget-text-editor\" data-id=\"7ddcd108\" data-element_type=\"widget\" data-settings=\"{&quot;_animation&quot;:&quot;fadeIn&quot;}\" data-widget_type=\"text-editor.default\">\n\t\t\t\t<div class=\"elementor-widget-container\">\n\t\t\t\t\t\t\t<h3><em>Trouver un interpr\u00e8te<\/em><\/h3>\n<p><span style=\"font-weight: 400\">B\u00e9n\u00e9vole :<br \/>\n<\/span><a href=\"\/passeurs-de-langues\/\"><span style=\"font-weight: 400\">Euskal Babel propose des Passeurs de langues <\/span><\/a><span style=\"font-weight: 400\">= Transmisor de idioma<\/span><\/p>\n<p><span style=\"font-weight: 400\">Professionnel :<br \/>\n<\/span><a href=\"\/wp-content\/uploads\/2023\/03\/Espagnol.pdf\" target=\"_blank\" rel=\"noopener\"><span style=\"font-weight: 400\">Interpr\u00e9tariat professionnel en sant\u00e9 Nouvelle Aquitaine pour l\u2019espagnol<\/span><\/a><\/p>\n\t\t\t\t\t\t<\/div>\n\t\t\t\t<\/div>\n\t\t\t\t<div class=\"elementor-element elementor-element-5ac8ae58 elementor-invisible elementor-widget elementor-widget-text-editor\" data-id=\"5ac8ae58\" data-element_type=\"widget\" data-settings=\"{&quot;_animation&quot;:&quot;fadeIn&quot;}\" data-widget_type=\"text-editor.default\">\n\t\t\t\t<div class=\"elementor-widget-container\">\n\t\t\t\t\t\t\t<h3>\n            <em>\u00c9couter &#8211; voir<\/em><br \/>\n          <\/h3>\n\t\t\t\t\t\t<\/div>\n\t\t\t\t<\/div>\n\t\t\t\t<div class=\"elementor-element elementor-element-558263c4 elementor-invisible elementor-widget elementor-widget-text-editor\" data-id=\"558263c4\" data-element_type=\"widget\" data-settings=\"{&quot;_animation&quot;:&quot;fadeIn&quot;}\" data-widget_type=\"text-editor.default\">\n\t\t\t\t<div class=\"elementor-widget-container\">\n\t\t\t\t\t\t\t\t\t\t\t\t\t<\/div>\n\t\t\t\t<\/div>\n\t\t\t\t<div class=\"elementor-element elementor-element-2a9ebe1b elementor-widget elementor-widget-text-editor\" data-id=\"2a9ebe1b\" data-element_type=\"widget\" data-widget_type=\"text-editor.default\">\n\t\t\t\t<div class=\"elementor-widget-container\">\n\t\t\t\t\t\t\t\t\t\t\t\t\t<\/div>\n\t\t\t\t<\/div>\n\t\t\t\t<div class=\"elementor-element elementor-element-2ff69b41 elementor-invisible elementor-widget elementor-widget-text-editor\" data-id=\"2ff69b41\" data-element_type=\"widget\" data-settings=\"{&quot;_animation&quot;:&quot;fadeIn&quot;}\" data-widget_type=\"text-editor.default\">\n\t\t\t\t<div class=\"elementor-widget-container\">\n\t\t\t\t\t\t\t\t\t\t\t\t\t<\/div>\n\t\t\t\t<\/div>\n\t\t\t\t<div class=\"elementor-element elementor-element-4e8a5808 elementor-widget elementor-widget-text-editor\" data-id=\"4e8a5808\" data-element_type=\"widget\" data-widget_type=\"text-editor.default\">\n\t\t\t\t<div class=\"elementor-widget-container\">\n\t\t\t\t\t\t\t\t\t\t\t\t\t<\/div>\n\t\t\t\t<\/div>\n\t\t\t\t<div class=\"elementor-element elementor-element-3d2cdaa9 elementor-invisible elementor-widget elementor-widget-text-editor\" data-id=\"3d2cdaa9\" data-element_type=\"widget\" data-settings=\"{&quot;_animation&quot;:&quot;fadeIn&quot;}\" data-widget_type=\"text-editor.default\">\n\t\t\t\t<div class=\"elementor-widget-container\">\n\t\t\t\t\t\t\t\t\t\t\t\t\t<\/div>\n\t\t\t\t<\/div>\n\t\t\t\t\t<\/div>\n\t\t<\/div>\n\t\t\t\t\t\t\t<\/div>\n\t\t<\/section>\n\t\t\t\t\t\t\t<\/div>\n\t\t","protected":false},"excerpt":{"rendered":"","protected":false},"featured_media":989683,"template":"","meta":{"_seopress_robots_primary_cat":"none"},"product_cat":[126],"product_tag":[],"acf":[],"_links":{"self":[{"href":"https:\/\/euskalbabel.eus\/eu\/wp-json\/wp\/v2\/product\/990266"}],"collection":[{"href":"https:\/\/euskalbabel.eus\/eu\/wp-json\/wp\/v2\/product"}],"about":[{"href":"https:\/\/euskalbabel.eus\/eu\/wp-json\/wp\/v2\/types\/product"}],"version-history":[{"count":1,"href":"https:\/\/euskalbabel.eus\/eu\/wp-json\/wp\/v2\/product\/990266\/revisions"}],"predecessor-version":[{"id":990267,"href":"https:\/\/euskalbabel.eus\/eu\/wp-json\/wp\/v2\/product\/990266\/revisions\/990267"}],"wp:featuredmedia":[{"embeddable":true,"href":"https:\/\/euskalbabel.eus\/eu\/wp-json\/wp\/v2\/media\/989683"}],"wp:attachment":[{"href":"https:\/\/euskalbabel.eus\/eu\/wp-json\/wp\/v2\/media?parent=990266"}],"wp:term":[{"taxonomy":"product_cat","embeddable":true,"href":"https:\/\/euskalbabel.eus\/eu\/wp-json\/wp\/v2\/product_cat?post=990266"},{"taxonomy":"product_tag","embeddable":true,"href":"https:\/\/euskalbabel.eus\/eu\/wp-json\/wp\/v2\/product_tag?post=990266"}],"curies":[{"name":"wp","href":"https:\/\/api.w.org\/{rel}","templated":true}]}}