{"id":990282,"date":"2023-03-22T15:20:47","date_gmt":"2023-03-22T15:20:47","guid":{"rendered":"https:\/\/euskalbabel.eus\/langue\/allemand-deutsch\/"},"modified":"2023-07-13T09:58:05","modified_gmt":"2023-07-13T09:58:05","slug":"allemand-deutsch","status":"publish","type":"product","link":"https:\/\/euskalbabel.eus\/eu\/langue\/allemand-deutsch\/","title":{"rendered":"Allemand \/ Deutsch"},"content":{"rendered":"\t\t<div data-elementor-type=\"product-post\" data-elementor-id=\"990282\" class=\"elementor elementor-990282 elementor-987807\">\n\t\t\t\t\t\t\t\t\t<section class=\"elementor-section elementor-top-section elementor-element elementor-element-61dcf31a elementor-section-boxed elementor-section-height-default elementor-section-height-default\" data-id=\"61dcf31a\" data-element_type=\"section\">\n\t\t\t\t\t\t<div class=\"elementor-container elementor-column-gap-default\">\n\t\t\t\t\t<div class=\"elementor-column elementor-col-100 elementor-top-column elementor-element elementor-element-6101882\" data-id=\"6101882\" data-element_type=\"column\">\n\t\t\t<div class=\"elementor-widget-wrap elementor-element-populated\">\n\t\t\t\t\t\t\t\t<div class=\"elementor-element elementor-element-744ba247 elementor-invisible elementor-widget elementor-widget-text-editor\" data-id=\"744ba247\" data-element_type=\"widget\" data-settings=\"{&quot;_animation&quot;:&quot;fadeIn&quot;}\" data-widget_type=\"text-editor.default\">\n\t\t\t\t<div class=\"elementor-widget-container\">\n\t\t\t<style>\/*! elementor - v3.11.5 - 14-03-2023 *\/\n.elementor-widget-text-editor.elementor-drop-cap-view-stacked .elementor-drop-cap{background-color:#818a91;color:#fff}.elementor-widget-text-editor.elementor-drop-cap-view-framed .elementor-drop-cap{color:#818a91;border:3px solid;background-color:transparent}.elementor-widget-text-editor:not(.elementor-drop-cap-view-default) .elementor-drop-cap{margin-top:8px}.elementor-widget-text-editor:not(.elementor-drop-cap-view-default) .elementor-drop-cap-letter{width:1em;height:1em}.elementor-widget-text-editor .elementor-drop-cap{float:left;text-align:center;line-height:1;font-size:50px}.elementor-widget-text-editor .elementor-drop-cap-letter{display:inline-block}<\/style>\t\t\t\t<h3><em>O\u00f9 vivre en allemand ?<\/em><\/h3>\n<p><span style=\"color: #000000\"><b>Amicale des Amis d\u2019Ansbach \u00e0 Anglet<\/b><\/span><span style=\"font-weight: 400\">: March\u00e9 de No\u00ebl, cours d&#8217;allemand, cin\u00e9club allemand<br \/>\n<\/span><span style=\"font-weight: 400\">Adresse mail : amisdansbach@laposte.net<\/span><\/p>\n<p><span style=\"color: #000000\"><strong>Jumelage Anglet-Ansbach<\/strong><\/span><span style=\"font-weight: 400\"> &#8211; <\/span><a href=\"https:\/\/www.anglet.fr\/fiches-pratiques\/detail-fiche\/actualites\/2023-anglet-et-ansbach-celebrent-55-ans-damitie\/\" target=\"_blank\" rel=\"noopener\"><span style=\"font-weight: 400\">2023 : Anglet et Ansbach c\u00e9l\u00e8brent 55 ans d&#8217;amiti\u00e9<\/span><\/a><\/p>\n<p><strong><a href=\"https:\/\/www.facebook.com\/groups\/115556615141204\/\" target=\"_blank\" rel=\"noopener\">Jumelage Urrugne Soulzbach <\/a><\/strong><\/p>\n<p><strong><a href=\"https:\/\/www.facebook.com\/ascain.bollendorf\/?locale=fr_FR\" target=\"_blank\" rel=\"noopener\">Jumelage Ascain Bollendorf<\/a><\/strong><\/p>\n\t\t\t\t\t\t<\/div>\n\t\t\t\t<\/div>\n\t\t\t\t<div class=\"elementor-element elementor-element-87669ce elementor-invisible elementor-widget elementor-widget-text-editor\" data-id=\"87669ce\" data-element_type=\"widget\" data-settings=\"{&quot;_animation&quot;:&quot;fadeIn&quot;}\" data-widget_type=\"text-editor.default\">\n\t\t\t\t<div class=\"elementor-widget-container\">\n\t\t\t\t\t\t\t<h3><em>O\u00f9 apprendre l&#8217;allemand ?<\/em><\/h3>\n<h5><b>Ecoles, lyc\u00e9es, en LV1 ou LV2<\/b><\/h5>\n<table>\n<tbody>\n<tr>\n<td><span style=\"font-weight: 400\">ANGLET<\/span><\/td>\n<td><span style=\"font-weight: 400\">Coll\u00e8ge Endarra<\/span><\/td>\n<\/tr>\n<tr>\n<td><span style=\"font-weight: 400\">BAYONNE<\/span><\/td>\n<td><span style=\"font-weight: 400\">Coll\u00e8ge priv\u00e9 La Salle Saint Bernard<\/span><\/td>\n<\/tr>\n<tr>\n<td><span style=\"font-weight: 400\">BAYONNE<\/span><\/td>\n<td><span style=\"font-weight: 400\">Coll\u00e8ge Marracq<\/span><\/td>\n<\/tr>\n<tr>\n<td><span style=\"font-weight: 400\">BAYONNE<\/span><\/td>\n<td><span style=\"font-weight: 400\">Coll\u00e8ge et lyc\u00e9e LGT priv\u00e9 Largent\u00e9<\/span><\/td>\n<\/tr>\n<tr>\n<td><span style=\"font-weight: 400\">BAYONNE<\/span><\/td>\n<td><span style=\"font-weight: 400\">Lyc\u00e9e g\u00e9n\u00e9ral priv\u00e9 Saint Louis Villa Pia<\/span><\/td>\n<\/tr>\n<tr>\n<td><span style=\"font-weight: 400\">BAYONNE<\/span><\/td>\n<td><span style=\"font-weight: 400\">Lyc\u00e9e g\u00e9n\u00e9ral Ren\u00e9 Cassin<\/span><\/td>\n<\/tr>\n<tr>\n<td><span style=\"font-weight: 400\">HENDAYE<\/span><\/td>\n<td><span style=\"font-weight: 400\">Coll\u00e8ge Irandatz<\/span><\/td>\n<\/tr>\n<tr>\n<td><span style=\"font-weight: 400\">SAINT-JEAN-DE-LUZ<\/span><\/td>\n<td><span style=\"font-weight: 400\">Coll\u00e8ge priv\u00e9 Sainte Marie<\/span><\/td>\n<\/tr>\n<tr>\n<td><span style=\"font-weight: 400\">SAINT-JEAN-DE-LUZ<\/span><\/td>\n<td><span style=\"font-weight: 400\">Coll\u00e8ge et lyc\u00e9e GT priv\u00e9 Saint Thomas d&#8217;Aquin<\/span><\/td>\n<\/tr>\n<tr>\n<td><span style=\"font-weight: 400\">SAINT-JEAN-DE-LUZ<\/span><\/td>\n<td><span style=\"font-weight: 400\">Lyc\u00e9e g\u00e9n\u00e9ral Maurice Ravel<\/span><\/td>\n<\/tr>\n<\/tbody>\n<\/table>\n<h5><b>Formation pour adultes:<\/b><\/h5>\n<p><a href=\"http:\/\/jakinola.org\" target=\"_blank\" rel=\"noopener\"><b>Jakinola<\/b><\/a><span style=\"font-weight: 400\"> est un centre de formation \u00e0 Bayonne, qui donne les moyens d&#8217;acqu\u00e9rir des comp\u00e9tences linguistiques afin de r\u00e9pondre aux besoins professionnels ou personnels de chacun via une p\u00e9dagogie immersive et digitale. C\u2019est aussi un lieu de vie de la diversit\u00e9 linguistique et culturelle par le biais d\u2019animations et d\u2019actions de sensibilisation.<br \/>\n<\/span><span style=\"font-weight: 400\">Adresse mail: contact@jakinola.eus<\/span><br \/>\n<span style=\"font-weight: 400\">T\u00e9l\u00e9phone: 09 51 90 84 77<\/span><\/p>\n<p><a href=\"https:\/\/www.cciformations-bayonne.com\/thematique\/langues\/\" target=\"_blank\" rel=\"noopener\"><b>Centre d\u2019Etude de Langues de la CCI<\/b><\/a><span style=\"font-weight: 400\"> \u2013 Bayonne<\/span><\/p>\n<p><a href=\"http:\/\/www.goethe.de\/ins\/fr\/fr\/spr\/kur\/fer.html\" target=\"_blank\" rel=\"noopener\"><b>Goethe Institut Bordeaux<\/b><\/a><span style=\"font-weight: 400\">-&gt; cours en ligne<\/span> <\/p>\n\t\t\t\t\t\t<\/div>\n\t\t\t\t<\/div>\n\t\t\t\t<div class=\"elementor-element elementor-element-544e96da elementor-invisible elementor-widget elementor-widget-text-editor\" data-id=\"544e96da\" data-element_type=\"widget\" data-settings=\"{&quot;_animation&quot;:&quot;fadeIn&quot;}\" data-widget_type=\"text-editor.default\">\n\t\t\t\t<div class=\"elementor-widget-container\">\n\t\t\t\t\t\t\t<h3><em>O\u00f9 pratiquer l&#8217;allemand?<\/em><\/h3>\n<p><a href=\"https:\/\/mediatheque.bayonne.fr\" target=\"_blank\" rel=\"noopener\"><span style=\"font-weight: 400\">M\u00e9diath\u00e8que de Bayonne<\/span><\/a><\/p>\n<p><a href=\"https:\/\/www.anglet.fr\/recherche\/?L=0&#038;id=16&#038;q=cin%C3%A9club+allemand\" target=\"_blank\" rel=\"noopener\"><span style=\"font-weight: 400\">Cin\u00e9club allemand Anglet<\/span><\/a><span style=\"font-weight: 400\"> : Tous les mois <\/span> <\/p>\n\t\t\t\t\t\t<\/div>\n\t\t\t\t<\/div>\n\t\t\t\t<div class=\"elementor-element elementor-element-5f4cb8e9 elementor-invisible elementor-widget elementor-widget-text-editor\" data-id=\"5f4cb8e9\" data-element_type=\"widget\" data-settings=\"{&quot;_animation&quot;:&quot;fadeIn&quot;}\" data-widget_type=\"text-editor.default\">\n\t\t\t\t<div class=\"elementor-widget-container\">\n\t\t\t\t\t\t\t<h3><em>Que se passe-t-il en allemand ?<\/em><\/h3>\n<p><a href=\"https:\/\/www.anglet.fr\/fiches-pratiques\/detail-fiche\/actualites\/marche-de-noel-franco-allemand-4\/\" target=\"_blank\" rel=\"noopener\"><span style=\"font-weight: 400\">March\u00e9 de No\u00ebl franco-allemand Anglet<\/span><\/a><span style=\"font-weight: 400\"> : Tous les ans en d\u00e9cembre <\/span> <\/p>\n\t\t\t\t\t\t<\/div>\n\t\t\t\t<\/div>\n\t\t\t\t<div class=\"elementor-element elementor-element-7adc2a79 elementor-invisible elementor-widget elementor-widget-text-editor\" data-id=\"7adc2a79\" data-element_type=\"widget\" data-settings=\"{&quot;_animation&quot;:&quot;fadeIn&quot;}\" data-widget_type=\"text-editor.default\">\n\t\t\t\t<div class=\"elementor-widget-container\">\n\t\t\t\t\t\t\t<h3>\n            <em>Autres lieux sympas<\/em><br \/>\n          <\/h3>\n<p>          <span style=\"font-weight: 400\">Magasins LIDL ou ALDI, pour acheter des produits allemands.<\/span><\/p>\n\t\t\t\t\t\t<\/div>\n\t\t\t\t<\/div>\n\t\t\t\t<div class=\"elementor-element elementor-element-1a206ac elementor-invisible elementor-widget elementor-widget-text-editor\" data-id=\"1a206ac\" data-element_type=\"widget\" data-settings=\"{&quot;_animation&quot;:&quot;fadeIn&quot;}\" data-widget_type=\"text-editor.default\">\n\t\t\t\t<div class=\"elementor-widget-container\">\n\t\t\t\t\t\t\t<h3><em>Trouver un interpr\u00e8te<\/em><\/h3>\n<p><strong>B\u00e9n\u00e9vole :<\/strong><br \/>\n<a href=\"\/passeurs-de-langues\/\" target=\"_blank\" rel=\"noopener\"><span style=\"font-weight: 400\">Euskal Babel propose des <\/span> <span style=\"font-weight: 400\">Passeurs de langues <\/span><\/a><span style=\"font-weight: 400\"> = <\/span><span style=\"font-weight: 400\">Sprachenvermittler<\/span><\/p>\n\t\t\t\t\t\t<\/div>\n\t\t\t\t<\/div>\n\t\t\t\t<div class=\"elementor-element elementor-element-2b9677d0 elementor-invisible elementor-widget elementor-widget-text-editor\" data-id=\"2b9677d0\" data-element_type=\"widget\" data-settings=\"{&quot;_animation&quot;:&quot;fadeIn&quot;}\" data-widget_type=\"text-editor.default\">\n\t\t\t\t<div class=\"elementor-widget-container\">\n\t\t\t\t\t\t\t<h3>\n            <em>\u00c9couter- voir<\/em><br \/>\n          <\/h3>\n\t\t\t\t\t\t<\/div>\n\t\t\t\t<\/div>\n\t\t\t\t<div class=\"elementor-element elementor-element-1fc36e21 elementor-invisible elementor-widget elementor-widget-text-editor\" data-id=\"1fc36e21\" data-element_type=\"widget\" data-settings=\"{&quot;_animation&quot;:&quot;fadeIn&quot;}\" data-widget_type=\"text-editor.default\">\n\t\t\t\t<div class=\"elementor-widget-container\">\n\t\t\t\t\t\t\t\t\t\t\t\t\t<\/div>\n\t\t\t\t<\/div>\n\t\t\t\t<div class=\"elementor-element elementor-element-10a90d4e elementor-widget elementor-widget-text-editor\" data-id=\"10a90d4e\" data-element_type=\"widget\" data-widget_type=\"text-editor.default\">\n\t\t\t\t<div class=\"elementor-widget-container\">\n\t\t\t\t\t\t\t<p style=\"text-align: center\">\n            <span style=\"font-weight: 400\">\u201cDu bist so viele Male ein Mensch, wie Du Sprachen kennst\u201d<\/span>\n          <\/p>\n\t\t\t\t\t\t<\/div>\n\t\t\t\t<\/div>\n\t\t\t\t<div class=\"elementor-element elementor-element-5e268a6a elementor-invisible elementor-widget elementor-widget-text-editor\" data-id=\"5e268a6a\" data-element_type=\"widget\" data-settings=\"{&quot;_animation&quot;:&quot;fadeIn&quot;}\" data-widget_type=\"text-editor.default\">\n\t\t\t\t<div class=\"elementor-widget-container\">\n\t\t\t\t\t\t\t\t\t\t\t\t\t<\/div>\n\t\t\t\t<\/div>\n\t\t\t\t<div class=\"elementor-element elementor-element-270f329a elementor-widget elementor-widget-text-editor\" data-id=\"270f329a\" data-element_type=\"widget\" data-widget_type=\"text-editor.default\">\n\t\t\t\t<div class=\"elementor-widget-container\">\n\t\t\t\t\t\t\t\t\t\t\t\t\t<\/div>\n\t\t\t\t<\/div>\n\t\t\t\t<div class=\"elementor-element elementor-element-3f6f498a elementor-invisible elementor-widget elementor-widget-text-editor\" data-id=\"3f6f498a\" data-element_type=\"widget\" data-settings=\"{&quot;_animation&quot;:&quot;fadeIn&quot;}\" data-widget_type=\"text-editor.default\">\n\t\t\t\t<div class=\"elementor-widget-container\">\n\t\t\t\t\t\t\t\t\t\t\t\t\t<\/div>\n\t\t\t\t<\/div>\n\t\t\t\t\t<\/div>\n\t\t<\/div>\n\t\t\t\t\t\t\t<\/div>\n\t\t<\/section>\n\t\t\t\t\t\t\t<\/div>\n\t\t","protected":false},"excerpt":{"rendered":"","protected":false},"featured_media":989683,"template":"","meta":{"_seopress_robots_primary_cat":"none"},"product_cat":[126],"product_tag":[],"acf":[],"_links":{"self":[{"href":"https:\/\/euskalbabel.eus\/eu\/wp-json\/wp\/v2\/product\/990282"}],"collection":[{"href":"https:\/\/euskalbabel.eus\/eu\/wp-json\/wp\/v2\/product"}],"about":[{"href":"https:\/\/euskalbabel.eus\/eu\/wp-json\/wp\/v2\/types\/product"}],"version-history":[{"count":1,"href":"https:\/\/euskalbabel.eus\/eu\/wp-json\/wp\/v2\/product\/990282\/revisions"}],"predecessor-version":[{"id":990283,"href":"https:\/\/euskalbabel.eus\/eu\/wp-json\/wp\/v2\/product\/990282\/revisions\/990283"}],"wp:featuredmedia":[{"embeddable":true,"href":"https:\/\/euskalbabel.eus\/eu\/wp-json\/wp\/v2\/media\/989683"}],"wp:attachment":[{"href":"https:\/\/euskalbabel.eus\/eu\/wp-json\/wp\/v2\/media?parent=990282"}],"wp:term":[{"taxonomy":"product_cat","embeddable":true,"href":"https:\/\/euskalbabel.eus\/eu\/wp-json\/wp\/v2\/product_cat?post=990282"},{"taxonomy":"product_tag","embeddable":true,"href":"https:\/\/euskalbabel.eus\/eu\/wp-json\/wp\/v2\/product_tag?post=990282"}],"curies":[{"name":"wp","href":"https:\/\/api.w.org\/{rel}","templated":true}]}}